{"id":676,"date":"2025-05-21T14:10:56","date_gmt":"2025-05-21T12:10:56","guid":{"rendered":"http:\/\/precintalia.com\/?page_id=676"},"modified":"2025-11-27T10:28:42","modified_gmt":"2025-11-27T09:28:42","slug":"precintos-de-seguridad-bridas","status":"publish","type":"page","link":"https:\/\/precintalia.com\/en\/","title":{"rendered":"Security seals"},"content":{"rendered":"<div data-elementor-type=\"wp-page\" data-elementor-id=\"676\" class=\"elementor elementor-676\" data-elementor-post-type=\"page\">\n\t\t\t\t<div class=\"elementor-element elementor-element-1080384 e-flex e-con-boxed e-con e-parent\" data-id=\"1080384\" data-element_type=\"container\" data-settings=\"{&quot;background_background&quot;:&quot;classic&quot;}\">\n\t\t\t\t\t<div class=\"e-con-inner\">\n\t\t<div class=\"elementor-element elementor-element-0f1049e e-con-full e-flex e-con e-child\" data-id=\"0f1049e\" data-element_type=\"container\">\n\t\t\t\t<div class=\"elementor-element elementor-element-9aca590 elementor-widget elementor-widget-heading\" data-id=\"9aca590\" data-element_type=\"widget\" data-widget_type=\"heading.default\">\n\t\t\t\t<div class=\"elementor-widget-container\">\n\t\t\t\t\t<h1 class=\"elementor-heading-title elementor-size-default\">Security seals<\/h1>\t\t\t\t<\/div>\n\t\t\t\t<\/div>\n\t\t\t\t<\/div>\n\t\t\t\t\t<\/div>\n\t\t\t\t<\/div>\n\t\t<div class=\"elementor-element elementor-element-7a10807 e-flex e-con-boxed e-con e-parent\" data-id=\"7a10807\" data-element_type=\"container\">\n\t\t\t\t\t<div class=\"e-con-inner\">\n\t\t<div class=\"elementor-element elementor-element-f6e07cd e-con-full e-flex e-con e-child\" data-id=\"f6e07cd\" data-element_type=\"container\">\n\t\t\t\t<div class=\"elementor-element elementor-element-699c20b elementor-position-top elementor-widget elementor-widget-image-box\" data-id=\"699c20b\" data-element_type=\"widget\" data-widget_type=\"image-box.default\">\n\t\t\t\t<div class=\"elementor-widget-container\">\n\t\t\t\t\t<div class=\"elementor-image-box-wrapper\"><figure class=\"elementor-image-box-img\"><a href=\"https:\/\/precintalia.com\/en\/bridas-plastic-seals\/\" tabindex=\"-1\"><img fetchpriority=\"high\" decoding=\"async\" width=\"800\" height=\"544\" src=\"https:\/\/precintalia.com\/wp-content\/uploads\/2025\/05\/kategorie-plomby-plastikowe-2048x1392-1-e1717075030503.webp\" class=\"elementor-animation-grow attachment-full size-full wp-image-677\" alt=\"Precintos de pl\u00e1stico al por mayor\" srcset=\"https:\/\/precintalia.com\/wp-content\/uploads\/2025\/05\/kategorie-plomby-plastikowe-2048x1392-1-e1717075030503.webp 800w, https:\/\/precintalia.com\/wp-content\/uploads\/2025\/05\/kategorie-plomby-plastikowe-2048x1392-1-e1717075030503-300x204.webp 300w, https:\/\/precintalia.com\/wp-content\/uploads\/2025\/05\/kategorie-plomby-plastikowe-2048x1392-1-e1717075030503-768x522.webp 768w\" sizes=\"(max-width: 800px) 100vw, 800px\" \/><\/a><\/figure><div class=\"elementor-image-box-content\"><h3 class=\"elementor-image-box-title\"><a href=\"https:\/\/precintalia.com\/en\/bridas-plastic-seals\/\">Precintos de pl\u00e1stico<\/a><\/h3><\/div><\/div>\t\t\t\t<\/div>\n\t\t\t\t<\/div>\n\t\t\t\t<\/div>\n\t\t<div class=\"elementor-element elementor-element-f5cd94f e-con-full e-flex e-con e-child\" data-id=\"f5cd94f\" data-element_type=\"container\">\n\t\t\t\t<div class=\"elementor-element elementor-element-c2a0396 elementor-position-top elementor-widget elementor-widget-image-box\" data-id=\"c2a0396\" data-element_type=\"widget\" data-widget_type=\"image-box.default\">\n\t\t\t\t<div class=\"elementor-widget-container\">\n\t\t\t\t\t<div class=\"elementor-image-box-wrapper\"><figure class=\"elementor-image-box-img\"><a href=\"https:\/\/precintalia.com\/en\/bridas-cylinder-seals\/\" tabindex=\"-1\"><img decoding=\"async\" width=\"800\" height=\"544\" data-src=\"https:\/\/precintalia.com\/wp-content\/uploads\/2025\/05\/kategorie-plomby-bebenkowe-2048x1392-1-e1717079832772.webp\" class=\"elementor-animation-grow attachment-full size-full wp-image-680 lazyload\" alt=\"Precintos cil\u00edndricos\" data-srcset=\"https:\/\/precintalia.com\/wp-content\/uploads\/2025\/05\/kategorie-plomby-bebenkowe-2048x1392-1-e1717079832772.webp 800w, https:\/\/precintalia.com\/wp-content\/uploads\/2025\/05\/kategorie-plomby-bebenkowe-2048x1392-1-e1717079832772-300x204.webp 300w, https:\/\/precintalia.com\/wp-content\/uploads\/2025\/05\/kategorie-plomby-bebenkowe-2048x1392-1-e1717079832772-768x522.webp 768w\" data-sizes=\"(max-width: 800px) 100vw, 800px\" src=\"data:image\/svg+xml;base64,PHN2ZyB3aWR0aD0iMSIgaGVpZ2h0PSIxIiB4bWxucz0iaHR0cDovL3d3dy53My5vcmcvMjAwMC9zdmciPjwvc3ZnPg==\" style=\"--smush-placeholder-width: 800px; --smush-placeholder-aspect-ratio: 800\/544;\" \/><\/a><\/figure><div class=\"elementor-image-box-content\"><h3 class=\"elementor-image-box-title\"><a href=\"https:\/\/precintalia.com\/en\/bridas-cylinder-seals\/\">Precintos cil\u00edndricos<\/a><\/h3><\/div><\/div>\t\t\t\t<\/div>\n\t\t\t\t<\/div>\n\t\t\t\t<\/div>\n\t\t<div class=\"elementor-element elementor-element-e3fafa3 e-con-full e-flex e-con e-child\" data-id=\"e3fafa3\" data-element_type=\"container\">\n\t\t\t\t<div class=\"elementor-element elementor-element-d10e303 elementor-position-top elementor-widget elementor-widget-image-box\" data-id=\"d10e303\" data-element_type=\"widget\" data-widget_type=\"image-box.default\">\n\t\t\t\t<div class=\"elementor-widget-container\">\n\t\t\t\t\t<div class=\"elementor-image-box-wrapper\"><figure class=\"elementor-image-box-img\"><a href=\"https:\/\/precintalia.com\/en\/bridas-veterinary-seals-and-marks-carcass-marks\/\" tabindex=\"-1\"><img decoding=\"async\" width=\"800\" height=\"544\" data-src=\"https:\/\/precintalia.com\/wp-content\/uploads\/2025\/05\/plomby-i-znaki-weterynaryjne.webp\" class=\"elementor-animation-grow attachment-full size-full wp-image-681 lazyload\" alt=\"Precintos veterinarios baratos\" data-srcset=\"https:\/\/precintalia.com\/wp-content\/uploads\/2025\/05\/plomby-i-znaki-weterynaryjne.webp 800w, https:\/\/precintalia.com\/wp-content\/uploads\/2025\/05\/plomby-i-znaki-weterynaryjne-300x204.webp 300w, https:\/\/precintalia.com\/wp-content\/uploads\/2025\/05\/plomby-i-znaki-weterynaryjne-768x522.webp 768w\" data-sizes=\"(max-width: 800px) 100vw, 800px\" src=\"data:image\/svg+xml;base64,PHN2ZyB3aWR0aD0iMSIgaGVpZ2h0PSIxIiB4bWxucz0iaHR0cDovL3d3dy53My5vcmcvMjAwMC9zdmciPjwvc3ZnPg==\" style=\"--smush-placeholder-width: 800px; --smush-placeholder-aspect-ratio: 800\/544;\" \/><\/a><\/figure><div class=\"elementor-image-box-content\"><h3 class=\"elementor-image-box-title\"><a href=\"https:\/\/precintalia.com\/en\/bridas-veterinary-seals-and-marks-carcass-marks\/\">Precintos veterinarios<\/a><\/h3><\/div><\/div>\t\t\t\t<\/div>\n\t\t\t\t<\/div>\n\t\t\t\t<\/div>\n\t\t\t\t\t<\/div>\n\t\t\t\t<\/div>\n\t\t<div class=\"elementor-element elementor-element-834ea4f e-flex e-con-boxed e-con e-parent\" data-id=\"834ea4f\" data-element_type=\"container\">\n\t\t\t\t\t<div class=\"e-con-inner\">\n\t\t<div class=\"elementor-element elementor-element-f633802 e-con-full e-flex e-con e-child\" data-id=\"f633802\" data-element_type=\"container\">\n\t\t\t\t<div class=\"elementor-element elementor-element-ba23c34 elementor-position-top elementor-widget elementor-widget-image-box\" data-id=\"ba23c34\" data-element_type=\"widget\" data-widget_type=\"image-box.default\">\n\t\t\t\t<div class=\"elementor-widget-container\">\n\t\t\t\t\t<div class=\"elementor-image-box-wrapper\"><figure class=\"elementor-image-box-img\"><a href=\"https:\/\/precintalia.com\/en\/bridas-sealed-bottles\/\" tabindex=\"-1\"><img decoding=\"async\" width=\"800\" height=\"544\" data-src=\"https:\/\/precintalia.com\/wp-content\/uploads\/2025\/05\/butelki-plombownicze.webp\" class=\"elementor-animation-grow attachment-full size-full wp-image-682 lazyload\" alt=\"Tapones personalizados para botellas\" data-srcset=\"https:\/\/precintalia.com\/wp-content\/uploads\/2025\/05\/butelki-plombownicze.webp 800w, https:\/\/precintalia.com\/wp-content\/uploads\/2025\/05\/butelki-plombownicze-300x204.webp 300w, https:\/\/precintalia.com\/wp-content\/uploads\/2025\/05\/butelki-plombownicze-768x522.webp 768w\" data-sizes=\"(max-width: 800px) 100vw, 800px\" src=\"data:image\/svg+xml;base64,PHN2ZyB3aWR0aD0iMSIgaGVpZ2h0PSIxIiB4bWxucz0iaHR0cDovL3d3dy53My5vcmcvMjAwMC9zdmciPjwvc3ZnPg==\" style=\"--smush-placeholder-width: 800px; --smush-placeholder-aspect-ratio: 800\/544;\" \/><\/a><\/figure><div class=\"elementor-image-box-content\"><h3 class=\"elementor-image-box-title\"><a href=\"https:\/\/precintalia.com\/en\/bridas-sealed-bottles\/\">Tapones personalizados<\/a><\/h3><\/div><\/div>\t\t\t\t<\/div>\n\t\t\t\t<\/div>\n\t\t\t\t<\/div>\n\t\t<div class=\"elementor-element elementor-element-3a1e5e1 e-con-full e-flex e-con e-child\" data-id=\"3a1e5e1\" data-element_type=\"container\">\n\t\t\t\t<div class=\"elementor-element elementor-element-51c713f elementor-position-top elementor-widget elementor-widget-image-box\" data-id=\"51c713f\" data-element_type=\"widget\" data-widget_type=\"image-box.default\">\n\t\t\t\t<div class=\"elementor-widget-container\">\n\t\t\t\t\t<div class=\"elementor-image-box-wrapper\"><figure class=\"elementor-image-box-img\"><a href=\"https:\/\/precintalia.com\/en\/precintos-y-bolsas-precintadas\/\" tabindex=\"-1\"><img decoding=\"async\" width=\"800\" height=\"544\" data-src=\"https:\/\/precintalia.com\/wp-content\/uploads\/2025\/05\/saszetki.webp\" class=\"elementor-animation-grow attachment-full size-full wp-image-683 lazyload\" alt=\"Precintos y bolsas precintadas\" data-srcset=\"https:\/\/precintalia.com\/wp-content\/uploads\/2025\/05\/saszetki.webp 800w, https:\/\/precintalia.com\/wp-content\/uploads\/2025\/05\/saszetki-300x204.webp 300w, https:\/\/precintalia.com\/wp-content\/uploads\/2025\/05\/saszetki-768x522.webp 768w\" data-sizes=\"(max-width: 800px) 100vw, 800px\" src=\"data:image\/svg+xml;base64,PHN2ZyB3aWR0aD0iMSIgaGVpZ2h0PSIxIiB4bWxucz0iaHR0cDovL3d3dy53My5vcmcvMjAwMC9zdmciPjwvc3ZnPg==\" style=\"--smush-placeholder-width: 800px; --smush-placeholder-aspect-ratio: 800\/544;\" \/><\/a><\/figure><div class=\"elementor-image-box-content\"><h3 class=\"elementor-image-box-title\"><a href=\"https:\/\/precintalia.com\/en\/precintos-y-bolsas-precintadas\/\">Precintos y bolsas precintadas<\/a><\/h3><\/div><\/div>\t\t\t\t<\/div>\n\t\t\t\t<\/div>\n\t\t\t\t<\/div>\n\t\t<div class=\"elementor-element elementor-element-ba64fdc e-con-full e-flex e-con e-child\" data-id=\"ba64fdc\" data-element_type=\"container\">\n\t\t\t\t<div class=\"elementor-element elementor-element-e3e7c23 elementor-position-top elementor-widget elementor-widget-image-box\" data-id=\"e3e7c23\" data-element_type=\"widget\" data-widget_type=\"image-box.default\">\n\t\t\t\t<div class=\"elementor-widget-container\">\n\t\t\t\t\t<div class=\"elementor-image-box-wrapper\"><figure class=\"elementor-image-box-img\"><a href=\"https:\/\/precintalia.com\/en\/accesorios\/\" tabindex=\"-1\"><img decoding=\"async\" width=\"800\" height=\"544\" data-src=\"https:\/\/precintalia.com\/wp-content\/uploads\/2025\/05\/kategorie-akcesoria-2048x1392-1-e1717079926929.webp\" class=\"elementor-animation-grow attachment-full size-full wp-image-684 lazyload\" alt=\"\" data-srcset=\"https:\/\/precintalia.com\/wp-content\/uploads\/2025\/05\/kategorie-akcesoria-2048x1392-1-e1717079926929.webp 800w, https:\/\/precintalia.com\/wp-content\/uploads\/2025\/05\/kategorie-akcesoria-2048x1392-1-e1717079926929-300x204.webp 300w, https:\/\/precintalia.com\/wp-content\/uploads\/2025\/05\/kategorie-akcesoria-2048x1392-1-e1717079926929-768x522.webp 768w\" data-sizes=\"(max-width: 800px) 100vw, 800px\" src=\"data:image\/svg+xml;base64,PHN2ZyB3aWR0aD0iMSIgaGVpZ2h0PSIxIiB4bWxucz0iaHR0cDovL3d3dy53My5vcmcvMjAwMC9zdmciPjwvc3ZnPg==\" style=\"--smush-placeholder-width: 800px; --smush-placeholder-aspect-ratio: 800\/544;\" \/><\/a><\/figure><div class=\"elementor-image-box-content\"><h3 class=\"elementor-image-box-title\"><a href=\"https:\/\/precintalia.com\/en\/accesorios\/\">Accesorios<\/a><\/h3><\/div><\/div>\t\t\t\t<\/div>\n\t\t\t\t<\/div>\n\t\t\t\t<\/div>\n\t\t\t\t\t<\/div>\n\t\t\t\t<\/div>\n\t\t<div class=\"elementor-element elementor-element-a609117 e-flex e-con-boxed e-con e-parent\" data-id=\"a609117\" data-element_type=\"container\">\n\t\t\t\t\t<div class=\"e-con-inner\">\n\t\t\t\t<div class=\"elementor-element elementor-element-1634e67 elementor-widget elementor-widget-text-editor\" data-id=\"1634e67\" data-element_type=\"widget\" data-widget_type=\"text-editor.default\">\n\t\t\t\t<div class=\"elementor-widget-container\">\n\t\t\t\t\t\t\t\t\t<h6 data-start=\"255\" data-end=\"308\"><strong>Precintos de seguridad personalizados al por mayor<\/strong><\/h6><p class=\"\" data-start=\"310\" data-end=\"683\">En Precintalia fabricamos y distribuimos <strong data-start=\"348\" data-end=\"389\">precintos de seguridad personalizados<\/strong> ideales para el control de accesos, la identificaci\u00f3n de productos y la seguridad en procesos log\u00edsticos. Nuestros precintos son utilizados en sectores como eventos, transporte, log\u00edstica, almacenaje y distribuci\u00f3n, donde se requiere una soluci\u00f3n fiable, resistente y claramente identificable.<\/p><p class=\"\" data-start=\"685\" data-end=\"1019\">Disponemos de un amplio cat\u00e1logo de modelos con distintas caracter\u00edsticas seg\u00fan el nivel de seguridad requerido: precintos ajustables, tipo brida, con inserto met\u00e1lico, con sistema antimanipulaci\u00f3n y con numeraci\u00f3n secuencial. Todos los modelos pueden personalizarse con el logotipo de tu empresa, c\u00f3digos, colores o numeraci\u00f3n \u00fanica.<\/p>\t\t\t\t\t\t\t\t<\/div>\n\t\t\t\t<\/div>\n\t\t\t\t\t<\/div>\n\t\t\t\t<\/div>\n\t\t<div class=\"elementor-element elementor-element-16f4264 e-flex e-con-boxed e-con e-parent\" data-id=\"16f4264\" data-element_type=\"container\">\n\t\t\t\t\t<div class=\"e-con-inner\">\n\t\t\t\t<div class=\"elementor-element elementor-element-19694d2 elementor-widget elementor-widget-text-editor\" data-id=\"19694d2\" data-element_type=\"widget\" data-widget_type=\"text-editor.default\">\n\t\t\t\t<div class=\"elementor-widget-container\">\n\t\t\t\t\t\t\t\t\t<h6 data-start=\"1021\" data-end=\"1080\"><strong>Bridas de seguridad y precintos pl\u00e1sticos con numeraci\u00f3n<\/strong><\/h6><p class=\"\" data-start=\"1082\" data-end=\"1478\">Nuestros <strong data-start=\"1091\" data-end=\"1131\">precintos de pl\u00e1stico con numeraci\u00f3n<\/strong> est\u00e1n dise\u00f1ados para ser de un solo uso, garantizando que no puedan abrirse sin ser detectados. Esto los hace perfectos para el transporte de mercanc\u00edas, la gesti\u00f3n de inventarios y el cierre seguro de accesos en eventos. Adem\u00e1s, ofrecemos <strong data-start=\"1372\" data-end=\"1408\">bridas de seguridad al por mayor<\/strong>, con diferentes longitudes y sistemas de cierre seg\u00fan el tipo de uso.<\/p><p class=\"\" data-start=\"1480\" data-end=\"1708\">Podemos suministrar precintos en distintos colores para una identificaci\u00f3n visual r\u00e1pida, as\u00ed como precintos con espacio para marcar l\u00e1ser, impresi\u00f3n o grabado t\u00e9rmico, lo que asegura visibilidad y durabilidad de la informaci\u00f3n.<br \/><br \/><\/p><h6 data-start=\"1710\" data-end=\"1764\"><strong>Precintos de seguridad para log\u00edstica y transporte<\/strong><\/h6><p class=\"\" data-start=\"1766\" data-end=\"2047\">En Precintalia, trabajamos con <strong data-start=\"1794\" data-end=\"1841\">precintos de alta seguridad para transporte<\/strong> dise\u00f1ados para resistir la manipulaci\u00f3n y garantizar la trazabilidad. Todos nuestros productos est\u00e1n disponibles al por mayor, con entrega r\u00e1pida en toda Europa, producci\u00f3n nacional y precios competitivos.<\/p><p class=\"\" data-start=\"2049\" data-end=\"2203\">Solicita tu presupuesto sin compromiso y asegura la protecci\u00f3n e integridad de tus productos y accesos con nuestros precintos de seguridad personalizados.<\/p>\t\t\t\t\t\t\t\t<\/div>\n\t\t\t\t<\/div>\n\t\t\t\t\t<\/div>\n\t\t\t\t<\/div>\n\t\t\t\t<\/div>","protected":false},"excerpt":{"rendered":"<p>Precintos de seguridad Precintos de pl\u00e1stico Precintos cil\u00edndricos Precintos veterinarios Tapones personalizados Precintos y bolsas precintadas Accesorios Precintos de seguridad personalizados al por mayor En Precintalia fabricamos y distribuimos precintos de seguridad personalizados ideales para el control de accesos, la identificaci\u00f3n de productos y la seguridad en procesos log\u00edsticos. Nuestros precintos son utilizados en sectores [&hellip;]<\/p>","protected":false},"author":1,"featured_media":677,"parent":0,"menu_order":0,"comment_status":"closed","ping_status":"closed","template":"elementor_header_footer","meta":{"footnotes":""},"class_list":["post-676","page","type-page","status-publish","has-post-thumbnail","hentry"],"yoast_head":"<!-- This site is optimized with the Yoast SEO plugin v26.5 - https:\/\/yoast.com\/wordpress\/plugins\/seo\/ -->\n<title>Precintos de seguridad - Precintalia<\/title>\n<meta name=\"description\" content=\"Precintos de seguridad personalizados con logo para control de accesos y env\u00edos. Venta al por mayor y entrega r\u00e1pida en toda Europa.\" \/>\n<meta name=\"robots\" content=\"index, follow, max-snippet:-1, max-image-preview:large, max-video-preview:-1\" \/>\n<link rel=\"canonical\" href=\"https:\/\/precintalia.com\/en\/\" \/>\n<meta property=\"og:locale\" content=\"en_GB\" \/>\n<meta property=\"og:type\" content=\"article\" \/>\n<meta property=\"og:title\" content=\"Precintos de seguridad - Precintalia\" \/>\n<meta property=\"og:description\" content=\"Precintos de seguridad personalizados con logo para control de accesos y env\u00edos. Venta al por mayor y entrega r\u00e1pida en toda Europa.\" \/>\n<meta property=\"og:url\" content=\"https:\/\/precintalia.com\/en\/\" \/>\n<meta property=\"og:site_name\" content=\"Precintalia\" \/>\n<meta property=\"article:modified_time\" content=\"2025-11-27T09:28:42+00:00\" \/>\n<meta property=\"og:image\" content=\"https:\/\/precintalia.com\/wp-content\/uploads\/2025\/05\/kategorie-plomby-plastikowe-2048x1392-1-e1717075030503.webp\" \/>\n\t<meta property=\"og:image:width\" content=\"800\" \/>\n\t<meta property=\"og:image:height\" content=\"544\" \/>\n\t<meta property=\"og:image:type\" content=\"image\/webp\" \/>\n<meta name=\"twitter:card\" content=\"summary_large_image\" \/>\n<script type=\"application\/ld+json\" class=\"yoast-schema-graph\">{\"@context\":\"https:\/\/schema.org\",\"@graph\":[{\"@type\":\"WebPage\",\"@id\":\"https:\/\/precintalia.com\/\",\"url\":\"https:\/\/precintalia.com\/\",\"name\":\"Precintos de seguridad - Precintalia\",\"isPartOf\":{\"@id\":\"https:\/\/precintalia.com\/#website\"},\"primaryImageOfPage\":{\"@id\":\"https:\/\/precintalia.com\/#primaryimage\"},\"image\":{\"@id\":\"https:\/\/precintalia.com\/#primaryimage\"},\"thumbnailUrl\":\"https:\/\/precintalia.com\/wp-content\/uploads\/2025\/05\/kategorie-plomby-plastikowe-2048x1392-1-e1717075030503.webp\",\"datePublished\":\"2025-05-21T12:10:56+00:00\",\"dateModified\":\"2025-11-27T09:28:42+00:00\",\"description\":\"Precintos de seguridad personalizados con logo para control de accesos y env\u00edos. Venta al por mayor y entrega r\u00e1pida en toda Europa.\",\"breadcrumb\":{\"@id\":\"https:\/\/precintalia.com\/#breadcrumb\"},\"inLanguage\":\"en-GB\",\"potentialAction\":[{\"@type\":\"ReadAction\",\"target\":[\"https:\/\/precintalia.com\/\"]}]},{\"@type\":\"ImageObject\",\"inLanguage\":\"en-GB\",\"@id\":\"https:\/\/precintalia.com\/#primaryimage\",\"url\":\"https:\/\/precintalia.com\/wp-content\/uploads\/2025\/05\/kategorie-plomby-plastikowe-2048x1392-1-e1717075030503.webp\",\"contentUrl\":\"https:\/\/precintalia.com\/wp-content\/uploads\/2025\/05\/kategorie-plomby-plastikowe-2048x1392-1-e1717075030503.webp\",\"width\":800,\"height\":544,\"caption\":\"Precintos de pl\u00e1stico al por mayor\"},{\"@type\":\"BreadcrumbList\",\"@id\":\"https:\/\/precintalia.com\/#breadcrumb\",\"itemListElement\":[{\"@type\":\"ListItem\",\"position\":1,\"name\":\"Portada\",\"item\":\"https:\/\/precintalia.com\/\"},{\"@type\":\"ListItem\",\"position\":2,\"name\":\"Precintos de seguridad\"}]},{\"@type\":\"WebSite\",\"@id\":\"https:\/\/precintalia.com\/#website\",\"url\":\"https:\/\/precintalia.com\/\",\"name\":\"Precintalia\",\"description\":\"Precintos de seguridad\",\"publisher\":{\"@id\":\"https:\/\/precintalia.com\/#organization\"},\"potentialAction\":[{\"@type\":\"SearchAction\",\"target\":{\"@type\":\"EntryPoint\",\"urlTemplate\":\"https:\/\/precintalia.com\/?s={search_term_string}\"},\"query-input\":{\"@type\":\"PropertyValueSpecification\",\"valueRequired\":true,\"valueName\":\"search_term_string\"}}],\"inLanguage\":\"en-GB\"},{\"@type\":\"Organization\",\"@id\":\"https:\/\/precintalia.com\/#organization\",\"name\":\"Precintalia\",\"url\":\"https:\/\/precintalia.com\/\",\"logo\":{\"@type\":\"ImageObject\",\"inLanguage\":\"en-GB\",\"@id\":\"https:\/\/precintalia.com\/#\/schema\/logo\/image\/\",\"url\":\"https:\/\/precintalia.com\/wp-content\/uploads\/2025\/03\/Logo-Precintalia-azul-PNG.png\",\"contentUrl\":\"https:\/\/precintalia.com\/wp-content\/uploads\/2025\/03\/Logo-Precintalia-azul-PNG.png\",\"width\":500,\"height\":229,\"caption\":\"Precintalia\"},\"image\":{\"@id\":\"https:\/\/precintalia.com\/#\/schema\/logo\/image\/\"}}]}<\/script>\n<!-- \/ Yoast SEO plugin. -->","yoast_head_json":{"title":"Precintos de seguridad - Precintalia","description":"Precintos de seguridad personalizados con logo para control de accesos y env\u00edos. Venta al por mayor y entrega r\u00e1pida en toda Europa.","robots":{"index":"index","follow":"follow","max-snippet":"max-snippet:-1","max-image-preview":"max-image-preview:large","max-video-preview":"max-video-preview:-1"},"canonical":"https:\/\/precintalia.com\/en\/","og_locale":"en_GB","og_type":"article","og_title":"Precintos de seguridad - Precintalia","og_description":"Precintos de seguridad personalizados con logo para control de accesos y env\u00edos. Venta al por mayor y entrega r\u00e1pida en toda Europa.","og_url":"https:\/\/precintalia.com\/en\/","og_site_name":"Precintalia","article_modified_time":"2025-11-27T09:28:42+00:00","og_image":[{"width":800,"height":544,"url":"https:\/\/precintalia.com\/wp-content\/uploads\/2025\/05\/kategorie-plomby-plastikowe-2048x1392-1-e1717075030503.webp","type":"image\/webp"}],"twitter_card":"summary_large_image","schema":{"@context":"https:\/\/schema.org","@graph":[{"@type":"WebPage","@id":"https:\/\/precintalia.com\/","url":"https:\/\/precintalia.com\/","name":"Precintos de seguridad - Precintalia","isPartOf":{"@id":"https:\/\/precintalia.com\/#website"},"primaryImageOfPage":{"@id":"https:\/\/precintalia.com\/#primaryimage"},"image":{"@id":"https:\/\/precintalia.com\/#primaryimage"},"thumbnailUrl":"https:\/\/precintalia.com\/wp-content\/uploads\/2025\/05\/kategorie-plomby-plastikowe-2048x1392-1-e1717075030503.webp","datePublished":"2025-05-21T12:10:56+00:00","dateModified":"2025-11-27T09:28:42+00:00","description":"Precintos de seguridad personalizados con logo para control de accesos y env\u00edos. Venta al por mayor y entrega r\u00e1pida en toda Europa.","breadcrumb":{"@id":"https:\/\/precintalia.com\/#breadcrumb"},"inLanguage":"en-GB","potentialAction":[{"@type":"ReadAction","target":["https:\/\/precintalia.com\/"]}]},{"@type":"ImageObject","inLanguage":"en-GB","@id":"https:\/\/precintalia.com\/#primaryimage","url":"https:\/\/precintalia.com\/wp-content\/uploads\/2025\/05\/kategorie-plomby-plastikowe-2048x1392-1-e1717075030503.webp","contentUrl":"https:\/\/precintalia.com\/wp-content\/uploads\/2025\/05\/kategorie-plomby-plastikowe-2048x1392-1-e1717075030503.webp","width":800,"height":544,"caption":"Precintos de pl\u00e1stico al por mayor"},{"@type":"BreadcrumbList","@id":"https:\/\/precintalia.com\/#breadcrumb","itemListElement":[{"@type":"ListItem","position":1,"name":"Portada","item":"https:\/\/precintalia.com\/"},{"@type":"ListItem","position":2,"name":"Precintos de seguridad"}]},{"@type":"WebSite","@id":"https:\/\/precintalia.com\/#website","url":"https:\/\/precintalia.com\/","name":"Precintalia","description":"Security seals","publisher":{"@id":"https:\/\/precintalia.com\/#organization"},"potentialAction":[{"@type":"SearchAction","target":{"@type":"EntryPoint","urlTemplate":"https:\/\/precintalia.com\/?s={search_term_string}"},"query-input":{"@type":"PropertyValueSpecification","valueRequired":true,"valueName":"search_term_string"}}],"inLanguage":"en-GB"},{"@type":"Organization","@id":"https:\/\/precintalia.com\/#organization","name":"Precintalia","url":"https:\/\/precintalia.com\/","logo":{"@type":"ImageObject","inLanguage":"en-GB","@id":"https:\/\/precintalia.com\/#\/schema\/logo\/image\/","url":"https:\/\/precintalia.com\/wp-content\/uploads\/2025\/03\/Logo-Precintalia-azul-PNG.png","contentUrl":"https:\/\/precintalia.com\/wp-content\/uploads\/2025\/03\/Logo-Precintalia-azul-PNG.png","width":500,"height":229,"caption":"Precintalia"},"image":{"@id":"https:\/\/precintalia.com\/#\/schema\/logo\/image\/"}}]}},"_links":{"self":[{"href":"https:\/\/precintalia.com\/en\/wp-json\/wp\/v2\/pages\/676","targetHints":{"allow":["GET"]}}],"collection":[{"href":"https:\/\/precintalia.com\/en\/wp-json\/wp\/v2\/pages"}],"about":[{"href":"https:\/\/precintalia.com\/en\/wp-json\/wp\/v2\/types\/page"}],"author":[{"embeddable":true,"href":"https:\/\/precintalia.com\/en\/wp-json\/wp\/v2\/users\/1"}],"replies":[{"embeddable":true,"href":"https:\/\/precintalia.com\/en\/wp-json\/wp\/v2\/comments?post=676"}],"version-history":[{"count":0,"href":"https:\/\/precintalia.com\/en\/wp-json\/wp\/v2\/pages\/676\/revisions"}],"wp:featuredmedia":[{"embeddable":true,"href":"https:\/\/precintalia.com\/en\/wp-json\/wp\/v2\/media\/677"}],"wp:attachment":[{"href":"https:\/\/precintalia.com\/en\/wp-json\/wp\/v2\/media?parent=676"}],"curies":[{"name":"wp","href":"https:\/\/api.w.org\/{rel}","templated":true}]}}