{"id":1585,"date":"2025-06-16T15:36:45","date_gmt":"2025-06-16T13:36:45","guid":{"rendered":"http:\/\/precintalia.com\/?page_id=1585"},"modified":"2025-12-11T19:52:26","modified_gmt":"2025-12-11T18:52:26","slug":"eko-m5-ojales","status":"publish","type":"page","link":"https:\/\/precintalia.com\/en\/eko-m5-ojales\/","title":{"rendered":"EKO M5 Ojales"},"content":{"rendered":"<div data-elementor-type=\"wp-page\" data-elementor-id=\"1585\" class=\"elementor elementor-1585\" data-elementor-post-type=\"page\">\n\t\t\t\t<div class=\"elementor-element elementor-element-2264c69 e-con-full e-flex e-con e-parent\" data-id=\"2264c69\" data-element_type=\"container\">\n\t\t<div class=\"elementor-element elementor-element-c0a42f7 e-con-full e-flex e-con e-child\" data-id=\"c0a42f7\" data-element_type=\"container\">\n\t\t\t\t<div class=\"elementor-element elementor-element-8965c04 elementor-widget elementor-widget-image\" data-id=\"8965c04\" data-element_type=\"widget\" data-widget_type=\"image.default\">\n\t\t\t\t<div class=\"elementor-widget-container\">\n\t\t\t\t\t\t\t\t\t\t\t\t\t\t\t<img fetchpriority=\"high\" decoding=\"async\" width=\"750\" height=\"501\" src=\"https:\/\/precintalia.com\/wp-content\/uploads\/2025\/06\/oczko-plombownicze-750-px.webp\" class=\"attachment-large size-large wp-image-1564\" alt=\"Ojales para precintos de seguridad\" srcset=\"https:\/\/precintalia.com\/wp-content\/uploads\/2025\/06\/oczko-plombownicze-750-px.webp 750w, https:\/\/precintalia.com\/wp-content\/uploads\/2025\/06\/oczko-plombownicze-750-px-300x200.webp 300w\" sizes=\"(max-width: 750px) 100vw, 750px\" \/>\t\t\t\t\t\t\t\t\t\t\t\t\t\t\t<\/div>\n\t\t\t\t<\/div>\n\t\t\t\t<\/div>\n\t\t<div class=\"elementor-element elementor-element-b44bb0a e-con-full e-flex e-con e-child\" data-id=\"b44bb0a\" data-element_type=\"container\">\n\t\t\t\t<div class=\"elementor-element elementor-element-6107d8a elementor-widget elementor-widget-heading\" data-id=\"6107d8a\" data-element_type=\"widget\" data-widget_type=\"heading.default\">\n\t\t\t\t<div class=\"elementor-widget-container\">\n\t\t\t\t\t<h1 class=\"elementor-heading-title elementor-size-default\">EKO M5 Ojales<\/h1>\t\t\t\t<\/div>\n\t\t\t\t<\/div>\n\t\t\t\t<div class=\"elementor-element elementor-element-ec87a07 elementor-widget elementor-widget-text-editor\" data-id=\"ec87a07\" data-element_type=\"widget\" data-widget_type=\"text-editor.default\">\n\t\t\t\t<div class=\"elementor-widget-container\">\n\t\t\t\t\t\t\t\t\t<p>Ojales de sellado de acero galvanizado. F\u00e1ciles de instalar con un tornillo M5. Se utilizan en puertas, armarios y dep\u00f3sitos de combustible. Est\u00e1n dise\u00f1ados para su uso con los sellos SIBO y SIBO-ROTO.<\/p>\t\t\t\t\t\t\t\t<\/div>\n\t\t\t\t<\/div>\n\t\t<div class=\"elementor-element elementor-element-01ec774 e-grid e-con-full e-con e-child\" data-id=\"01ec774\" data-element_type=\"container\">\n\t\t\t\t<div class=\"elementor-element elementor-element-3f74d89 elementor-widget elementor-widget-button\" data-id=\"3f74d89\" data-element_type=\"widget\" data-widget_type=\"button.default\">\n\t\t\t\t<div class=\"elementor-widget-container\">\n\t\t\t\t\t\t\t\t\t<div class=\"elementor-button-wrapper\">\n\t\t\t\t\t<a class=\"elementor-button elementor-size-sm elementor-animation-grow\" role=\"button\">\n\t\t\t\t\t\t<span class=\"elementor-button-content-wrapper\">\n\t\t\t\t\t\t\t\t\t<span class=\"elementor-button-text\">Delivery time<br>7 d\u00edas<\/span>\n\t\t\t\t\t<\/span>\n\t\t\t\t\t<\/a>\n\t\t\t\t<\/div>\n\t\t\t\t\t\t\t\t<\/div>\n\t\t\t\t<\/div>\n\t\t\t\t<div class=\"elementor-element elementor-element-0c7ef83 elementor-widget elementor-widget-button\" data-id=\"0c7ef83\" data-element_type=\"widget\" data-widget_type=\"button.default\">\n\t\t\t\t<div class=\"elementor-widget-container\">\n\t\t\t\t\t\t\t\t\t<div class=\"elementor-button-wrapper\">\n\t\t\t\t\t<a class=\"elementor-button elementor-size-sm elementor-animation-grow\" role=\"button\">\n\t\t\t\t\t\t<span class=\"elementor-button-content-wrapper\">\n\t\t\t\t\t\t\t\t\t<span class=\"elementor-button-text\">Minimum order<br>1000 uds<\/span>\n\t\t\t\t\t<\/span>\n\t\t\t\t\t<\/a>\n\t\t\t\t<\/div>\n\t\t\t\t\t\t\t\t<\/div>\n\t\t\t\t<\/div>\n\t\t\t\t<\/div>\n\t\t\t\t<div class=\"elementor-element elementor-element-fe9a610 elementor-align-left elementor-mobile-align-center elementor-widget elementor-widget-button\" data-id=\"fe9a610\" data-element_type=\"widget\" data-widget_type=\"button.default\">\n\t\t\t\t<div class=\"elementor-widget-container\">\n\t\t\t\t\t\t\t\t\t<div class=\"elementor-button-wrapper\">\n\t\t\t\t\t<a class=\"elementor-button elementor-button-link elementor-size-sm elementor-animation-grow\" href=\"#elementor-action%3Aaction%3Dpopup%3Aopen%26settings%3DeyJpZCI6IjM5NTUiLCJ0b2dnbGUiOmZhbHNlfQ%3D%3D\">\n\t\t\t\t\t\t<span class=\"elementor-button-content-wrapper\">\n\t\t\t\t\t\t\t\t\t<span class=\"elementor-button-text\">Ask about the product<\/span>\n\t\t\t\t\t<\/span>\n\t\t\t\t\t<\/a>\n\t\t\t\t<\/div>\n\t\t\t\t\t\t\t\t<\/div>\n\t\t\t\t<\/div>\n\t\t\t\t<\/div>\n\t\t\t\t<\/div>\n\t\t<div class=\"elementor-element elementor-element-3db57e0 e-flex e-con-boxed e-con e-parent\" data-id=\"3db57e0\" data-element_type=\"container\">\n\t\t\t\t\t<div class=\"e-con-inner\">\n\t\t\t\t<div class=\"elementor-element elementor-element-ec99ac5 elementor-widget elementor-widget-n-accordion\" data-id=\"ec99ac5\" data-element_type=\"widget\" data-settings=\"{&quot;default_state&quot;:&quot;all_collapsed&quot;,&quot;max_items_expended&quot;:&quot;multiple&quot;,&quot;n_accordion_animation_duration&quot;:{&quot;unit&quot;:&quot;ms&quot;,&quot;size&quot;:400,&quot;sizes&quot;:[]}}\" data-widget_type=\"nested-accordion.default\">\n\t\t\t\t<div class=\"elementor-widget-container\">\n\t\t\t\t\t\t\t<div class=\"e-n-accordion\" aria-label=\"Accordion. Open links with Enter or Space, close with Escape, and navigate with Arrow Keys\">\n\t\t\t\t\t\t<details id=\"e-n-accordion-item-2480\" class=\"e-n-accordion-item\" >\n\t\t\t\t<summary class=\"e-n-accordion-item-title\" data-accordion-index=\"1\" tabindex=\"0\" aria-expanded=\"false\" aria-controls=\"e-n-accordion-item-2480\" >\n\t\t\t\t\t<span class='e-n-accordion-item-title-header'><div class=\"e-n-accordion-item-title-text\"> Caracter\u00edsticas <\/div><\/span>\n\t\t\t\t\t\t\t<span class='e-n-accordion-item-title-icon'>\n\t\t\t<span class='e-opened' ><svg aria-hidden=\"true\" class=\"e-font-icon-svg e-fas-minus\" viewbox=\"0 0 448 512\" xmlns=\"http:\/\/www.w3.org\/2000\/svg\"><path d=\"M416 208H32c-17.67 0-32 14.33-32 32v32c0 17.67 14.33 32 32 32h384c17.67 0 32-14.33 32-32v-32c0-17.67-14.33-32-32-32z\"><\/path><\/svg><\/span>\n\t\t\t<span class='e-closed'><svg aria-hidden=\"true\" class=\"e-font-icon-svg e-fas-plus\" viewbox=\"0 0 448 512\" xmlns=\"http:\/\/www.w3.org\/2000\/svg\"><path d=\"M416 208H272V64c0-17.67-14.33-32-32-32h-32c-17.67 0-32 14.33-32 32v144H32c-17.67 0-32 14.33-32 32v32c0 17.67 14.33 32 32 32h144v144c0 17.67 14.33 32 32 32h32c17.67 0 32-14.33 32-32V304h144c17.67 0 32-14.33 32-32v-32c0-17.67-14.33-32-32-32z\"><\/path><\/svg><\/span>\n\t\t<\/span>\n\n\t\t\t\t\t\t<\/summary>\n\t\t\t\t<div role=\"region\" aria-labelledby=\"e-n-accordion-item-2480\" class=\"elementor-element elementor-element-c2a60b5 e-con-full e-flex e-con e-child\" data-id=\"c2a60b5\" data-element_type=\"container\">\n\t\t\t\t<div class=\"elementor-element elementor-element-b806464 elementor-widget elementor-widget-text-editor\" data-id=\"b806464\" data-element_type=\"widget\" data-widget_type=\"text-editor.default\">\n\t\t\t\t<div class=\"elementor-widget-container\">\n\t\t\t\t\t\t\t\t\t<ul><li>Los ojales permiten el uso de precintos de alambre SIBO, ROTO<\/li><li>Montaje mediante un perno M5<\/li><li>Fabricado en acero galvanizado<\/li><\/ul>\t\t\t\t\t\t\t\t<\/div>\n\t\t\t\t<\/div>\n\t\t\t\t<div class=\"elementor-element elementor-element-4a65716 elementor-widget elementor-widget-image\" data-id=\"4a65716\" data-element_type=\"widget\" data-widget_type=\"image.default\">\n\t\t\t\t<div class=\"elementor-widget-container\">\n\t\t\t\t\t\t\t\t\t\t\t\t\t\t\t\t<a href=\"https:\/\/precintalia.com\/wp-content\/uploads\/2025\/06\/03_02-1024x436-1.webp\" data-elementor-open-lightbox=\"yes\" data-elementor-lightbox-title=\"03_02-1024x436\" data-e-action-hash=\"#elementor-action%3Aaction%3Dlightbox%26settings%3DeyJpZCI6MTU2NSwidXJsIjoiaHR0cHM6XC9cL3ByZWNpbnRhbGlhLmNvbVwvd3AtY29udGVudFwvdXBsb2Fkc1wvMjAyNVwvMDZcLzAzXzAyLTEwMjR4NDM2LTEud2VicCJ9\">\n\t\t\t\t\t\t\t<img decoding=\"async\" width=\"800\" height=\"341\" data-src=\"https:\/\/precintalia.com\/wp-content\/uploads\/2025\/06\/03_02-1024x436-1.webp\" class=\"attachment-large size-large wp-image-1565 lazyload\" alt=\"Ojales para precintos de seguridad\" data-srcset=\"https:\/\/precintalia.com\/wp-content\/uploads\/2025\/06\/03_02-1024x436-1.webp 1024w, https:\/\/precintalia.com\/wp-content\/uploads\/2025\/06\/03_02-1024x436-1-300x128.webp 300w, https:\/\/precintalia.com\/wp-content\/uploads\/2025\/06\/03_02-1024x436-1-768x327.webp 768w\" data-sizes=\"(max-width: 800px) 100vw, 800px\" src=\"data:image\/svg+xml;base64,PHN2ZyB3aWR0aD0iMSIgaGVpZ2h0PSIxIiB4bWxucz0iaHR0cDovL3d3dy53My5vcmcvMjAwMC9zdmciPjwvc3ZnPg==\" style=\"--smush-placeholder-width: 800px; --smush-placeholder-aspect-ratio: 800\/341;\" \/>\t\t\t\t\t\t\t\t<\/a>\n\t\t\t\t\t\t\t\t\t\t\t\t\t\t\t<\/div>\n\t\t\t\t<\/div>\n\t\t\t\t<\/div>\n\t\t\t\t\t<\/details>\n\t\t\t\t\t\t<details id=\"e-n-accordion-item-2481\" class=\"e-n-accordion-item\" >\n\t\t\t\t<summary class=\"e-n-accordion-item-title\" data-accordion-index=\"2\" tabindex=\"-1\" aria-expanded=\"false\" aria-controls=\"e-n-accordion-item-2481\" >\n\t\t\t\t\t<span class='e-n-accordion-item-title-header'><div class=\"e-n-accordion-item-title-text\"> Uso <\/div><\/span>\n\t\t\t\t\t\t\t<span class='e-n-accordion-item-title-icon'>\n\t\t\t<span class='e-opened' ><svg aria-hidden=\"true\" class=\"e-font-icon-svg e-fas-minus\" viewbox=\"0 0 448 512\" xmlns=\"http:\/\/www.w3.org\/2000\/svg\"><path d=\"M416 208H32c-17.67 0-32 14.33-32 32v32c0 17.67 14.33 32 32 32h384c17.67 0 32-14.33 32-32v-32c0-17.67-14.33-32-32-32z\"><\/path><\/svg><\/span>\n\t\t\t<span class='e-closed'><svg aria-hidden=\"true\" class=\"e-font-icon-svg e-fas-plus\" viewbox=\"0 0 448 512\" xmlns=\"http:\/\/www.w3.org\/2000\/svg\"><path d=\"M416 208H272V64c0-17.67-14.33-32-32-32h-32c-17.67 0-32 14.33-32 32v144H32c-17.67 0-32 14.33-32 32v32c0 17.67 14.33 32 32 32h144v144c0 17.67 14.33 32 32 32h32c17.67 0 32-14.33 32-32V304h144c17.67 0 32-14.33 32-32v-32c0-17.67-14.33-32-32-32z\"><\/path><\/svg><\/span>\n\t\t<\/span>\n\n\t\t\t\t\t\t<\/summary>\n\t\t\t\t<div role=\"region\" aria-labelledby=\"e-n-accordion-item-2481\" class=\"elementor-element elementor-element-7f1283f e-con-full e-flex e-con e-child\" data-id=\"7f1283f\" data-element_type=\"container\">\n\t\t\t\t<div class=\"elementor-element elementor-element-72faf9e elementor-widget elementor-widget-text-editor\" data-id=\"72faf9e\" data-element_type=\"widget\" data-widget_type=\"text-editor.default\">\n\t\t\t\t<div class=\"elementor-widget-container\">\n\t\t\t\t\t\t\t\t\t<ul><li><span>Seguridad de las habitaciones y sus contenidos<\/span><\/li><li><span>Sellado de armarios met\u00e1licos, puertas, ventanas.<\/span><\/li><li><span>Protecci\u00f3n de tanques de combustible en maquinaria de construcci\u00f3n, camiones, autobuses<\/span><\/li><\/ul>\t\t\t\t\t\t\t\t<\/div>\n\t\t\t\t<\/div>\n\t\t\t\t<\/div>\n\t\t\t\t\t<\/details>\n\t\t\t\t\t\t<details id=\"e-n-accordion-item-2482\" class=\"e-n-accordion-item\" >\n\t\t\t\t<summary class=\"e-n-accordion-item-title\" data-accordion-index=\"3\" tabindex=\"-1\" aria-expanded=\"false\" aria-controls=\"e-n-accordion-item-2482\" >\n\t\t\t\t\t<span class='e-n-accordion-item-title-header'><div class=\"e-n-accordion-item-title-text\"> Beneficios <\/div><\/span>\n\t\t\t\t\t\t\t<span class='e-n-accordion-item-title-icon'>\n\t\t\t<span class='e-opened' ><svg aria-hidden=\"true\" class=\"e-font-icon-svg e-fas-minus\" viewbox=\"0 0 448 512\" xmlns=\"http:\/\/www.w3.org\/2000\/svg\"><path d=\"M416 208H32c-17.67 0-32 14.33-32 32v32c0 17.67 14.33 32 32 32h384c17.67 0 32-14.33 32-32v-32c0-17.67-14.33-32-32-32z\"><\/path><\/svg><\/span>\n\t\t\t<span class='e-closed'><svg aria-hidden=\"true\" class=\"e-font-icon-svg e-fas-plus\" viewbox=\"0 0 448 512\" xmlns=\"http:\/\/www.w3.org\/2000\/svg\"><path d=\"M416 208H272V64c0-17.67-14.33-32-32-32h-32c-17.67 0-32 14.33-32 32v144H32c-17.67 0-32 14.33-32 32v32c0 17.67 14.33 32 32 32h144v144c0 17.67 14.33 32 32 32h32c17.67 0 32-14.33 32-32V304h144c17.67 0 32-14.33 32-32v-32c0-17.67-14.33-32-32-32z\"><\/path><\/svg><\/span>\n\t\t<\/span>\n\n\t\t\t\t\t\t<\/summary>\n\t\t\t\t<div role=\"region\" aria-labelledby=\"e-n-accordion-item-2482\" class=\"elementor-element elementor-element-cb24a30 e-con-full e-flex e-con e-child\" data-id=\"cb24a30\" data-element_type=\"container\">\n\t\t\t\t<div class=\"elementor-element elementor-element-bec9a51 elementor-widget elementor-widget-text-editor\" data-id=\"bec9a51\" data-element_type=\"widget\" data-widget_type=\"text-editor.default\">\n\t\t\t\t<div class=\"elementor-widget-container\">\n\t\t\t\t\t\t\t\t\t<ul><li><span>F\u00e1cil de instalar un perno M5<\/span><\/li><li><span>Sellado seguro y limpio<\/span><\/li><\/ul>\t\t\t\t\t\t\t\t<\/div>\n\t\t\t\t<\/div>\n\t\t\t\t<\/div>\n\t\t\t\t\t<\/details>\n\t\t\t\t\t\t<details id=\"e-n-accordion-item-2483\" class=\"e-n-accordion-item\" >\n\t\t\t\t<summary class=\"e-n-accordion-item-title\" data-accordion-index=\"4\" tabindex=\"-1\" aria-expanded=\"false\" aria-controls=\"e-n-accordion-item-2483\" >\n\t\t\t\t\t<span class='e-n-accordion-item-title-header'><div class=\"e-n-accordion-item-title-text\"> Dimensiones <\/div><\/span>\n\t\t\t\t\t\t\t<span class='e-n-accordion-item-title-icon'>\n\t\t\t<span class='e-opened' ><svg aria-hidden=\"true\" class=\"e-font-icon-svg e-fas-minus\" viewbox=\"0 0 448 512\" xmlns=\"http:\/\/www.w3.org\/2000\/svg\"><path d=\"M416 208H32c-17.67 0-32 14.33-32 32v32c0 17.67 14.33 32 32 32h384c17.67 0 32-14.33 32-32v-32c0-17.67-14.33-32-32-32z\"><\/path><\/svg><\/span>\n\t\t\t<span class='e-closed'><svg aria-hidden=\"true\" class=\"e-font-icon-svg e-fas-plus\" viewbox=\"0 0 448 512\" xmlns=\"http:\/\/www.w3.org\/2000\/svg\"><path d=\"M416 208H272V64c0-17.67-14.33-32-32-32h-32c-17.67 0-32 14.33-32 32v144H32c-17.67 0-32 14.33-32 32v32c0 17.67 14.33 32 32 32h144v144c0 17.67 14.33 32 32 32h32c17.67 0 32-14.33 32-32V304h144c17.67 0 32-14.33 32-32v-32c0-17.67-14.33-32-32-32z\"><\/path><\/svg><\/span>\n\t\t<\/span>\n\n\t\t\t\t\t\t<\/summary>\n\t\t\t\t<div role=\"region\" aria-labelledby=\"e-n-accordion-item-2483\" class=\"elementor-element elementor-element-18caa59 e-con-full e-flex e-con e-child\" data-id=\"18caa59\" data-element_type=\"container\">\n\t\t\t\t<div class=\"elementor-element elementor-element-57958eb elementor-widget elementor-widget-image\" data-id=\"57958eb\" data-element_type=\"widget\" data-widget_type=\"image.default\">\n\t\t\t\t<div class=\"elementor-widget-container\">\n\t\t\t\t\t\t\t\t\t\t\t\t\t\t\t\t<a href=\"https:\/\/precintalia.com\/wp-content\/uploads\/2025\/06\/03_03-400x239-1.webp\" data-elementor-open-lightbox=\"yes\" data-elementor-lightbox-title=\"03_03-400x239-1\" data-e-action-hash=\"#elementor-action%3Aaction%3Dlightbox%26settings%3DeyJpZCI6MTU2NiwidXJsIjoiaHR0cHM6XC9cL3ByZWNpbnRhbGlhLmNvbVwvd3AtY29udGVudFwvdXBsb2Fkc1wvMjAyNVwvMDZcLzAzXzAzLTQwMHgyMzktMS53ZWJwIn0%3D\">\n\t\t\t\t\t\t\t<img decoding=\"async\" width=\"400\" height=\"239\" data-src=\"https:\/\/precintalia.com\/wp-content\/uploads\/2025\/06\/03_03-400x239-1.webp\" class=\"attachment-large size-large wp-image-1566 lazyload\" alt=\"Medidas de los ojales para precintos de seguridad\" data-srcset=\"https:\/\/precintalia.com\/wp-content\/uploads\/2025\/06\/03_03-400x239-1.webp 400w, https:\/\/precintalia.com\/wp-content\/uploads\/2025\/06\/03_03-400x239-1-300x179.webp 300w\" data-sizes=\"(max-width: 400px) 100vw, 400px\" src=\"data:image\/svg+xml;base64,PHN2ZyB3aWR0aD0iMSIgaGVpZ2h0PSIxIiB4bWxucz0iaHR0cDovL3d3dy53My5vcmcvMjAwMC9zdmciPjwvc3ZnPg==\" style=\"--smush-placeholder-width: 400px; --smush-placeholder-aspect-ratio: 400\/239;\" \/>\t\t\t\t\t\t\t\t<\/a>\n\t\t\t\t\t\t\t\t\t\t\t\t\t\t\t<\/div>\n\t\t\t\t<\/div>\n\t\t\t\t<\/div>\n\t\t\t\t\t<\/details>\n\t\t\t\t\t<\/div>\n\t\t\t\t\t\t<\/div>\n\t\t\t\t<\/div>\n\t\t\t\t\t<\/div>\n\t\t\t\t<\/div>\n\t\t\t\t<\/div>","protected":false},"excerpt":{"rendered":"<p>EKO M5 Ojales Ojales de sellado de acero galvanizado. F\u00e1ciles de instalar con un tornillo M5. Se utilizan en puertas, armarios y dep\u00f3sitos de combustible. Est\u00e1n dise\u00f1ados para su uso con los sellos SIBO y SIBO-ROTO. Tiempo de entrega7 d\u00edas Pedido m\u00ednimo1000 uds Preguntar por el producto Caracter\u00edsticas Los ojales permiten el uso de precintos [&hellip;]<\/p>","protected":false},"author":1,"featured_media":1564,"parent":0,"menu_order":0,"comment_status":"closed","ping_status":"closed","template":"elementor_header_footer","meta":{"footnotes":""},"class_list":["post-1585","page","type-page","status-publish","has-post-thumbnail","hentry"],"yoast_head":"<!-- This site is optimized with the Yoast SEO plugin v26.5 - https:\/\/yoast.com\/wordpress\/plugins\/seo\/ -->\n<title>Sello de medidor de seguridad SIBO-ROTO WHITE - Precintalia<\/title>\n<meta name=\"description\" content=\"Ojales EKO M5 resistentes para el cierre seguro de precintos. Fabricados en metal, ideales para aplicaciones industriales y log\u00edsticas.\" \/>\n<meta name=\"robots\" content=\"index, follow, max-snippet:-1, max-image-preview:large, max-video-preview:-1\" \/>\n<link rel=\"canonical\" href=\"https:\/\/precintalia.com\/en\/eko-m5-ojales\/\" \/>\n<meta property=\"og:locale\" content=\"en_GB\" \/>\n<meta property=\"og:type\" content=\"article\" \/>\n<meta property=\"og:title\" content=\"Sello de medidor de seguridad SIBO-ROTO WHITE - Precintalia\" \/>\n<meta property=\"og:description\" content=\"Ojales EKO M5 resistentes para el cierre seguro de precintos. Fabricados en metal, ideales para aplicaciones industriales y log\u00edsticas.\" \/>\n<meta property=\"og:url\" content=\"https:\/\/precintalia.com\/en\/eko-m5-ojales\/\" \/>\n<meta property=\"og:site_name\" content=\"Precintalia\" \/>\n<meta property=\"article:modified_time\" content=\"2025-12-11T18:52:26+00:00\" \/>\n<meta property=\"og:image\" content=\"https:\/\/precintalia.com\/wp-content\/uploads\/2025\/06\/oczko-plombownicze-750-px.webp\" \/>\n\t<meta property=\"og:image:width\" content=\"750\" \/>\n\t<meta property=\"og:image:height\" content=\"501\" \/>\n\t<meta property=\"og:image:type\" content=\"image\/webp\" \/>\n<meta name=\"twitter:card\" content=\"summary_large_image\" \/>\n<meta name=\"twitter:label1\" content=\"Estimated reading time\" \/>\n\t<meta name=\"twitter:data1\" content=\"2 minutes\" \/>\n<script type=\"application\/ld+json\" class=\"yoast-schema-graph\">{\"@context\":\"https:\/\/schema.org\",\"@graph\":[{\"@type\":\"WebPage\",\"@id\":\"https:\/\/precintalia.com\/eko-m5-ojales\/\",\"url\":\"https:\/\/precintalia.com\/eko-m5-ojales\/\",\"name\":\"Sello de medidor de seguridad SIBO-ROTO WHITE - Precintalia\",\"isPartOf\":{\"@id\":\"https:\/\/precintalia.com\/#website\"},\"primaryImageOfPage\":{\"@id\":\"https:\/\/precintalia.com\/eko-m5-ojales\/#primaryimage\"},\"image\":{\"@id\":\"https:\/\/precintalia.com\/eko-m5-ojales\/#primaryimage\"},\"thumbnailUrl\":\"https:\/\/precintalia.com\/wp-content\/uploads\/2025\/06\/oczko-plombownicze-750-px.webp\",\"datePublished\":\"2025-06-16T13:36:45+00:00\",\"dateModified\":\"2025-12-11T18:52:26+00:00\",\"description\":\"Ojales EKO M5 resistentes para el cierre seguro de precintos. Fabricados en metal, ideales para aplicaciones industriales y log\u00edsticas.\",\"breadcrumb\":{\"@id\":\"https:\/\/precintalia.com\/eko-m5-ojales\/#breadcrumb\"},\"inLanguage\":\"en-GB\",\"potentialAction\":[{\"@type\":\"ReadAction\",\"target\":[\"https:\/\/precintalia.com\/eko-m5-ojales\/\"]}]},{\"@type\":\"ImageObject\",\"inLanguage\":\"en-GB\",\"@id\":\"https:\/\/precintalia.com\/eko-m5-ojales\/#primaryimage\",\"url\":\"https:\/\/precintalia.com\/wp-content\/uploads\/2025\/06\/oczko-plombownicze-750-px.webp\",\"contentUrl\":\"https:\/\/precintalia.com\/wp-content\/uploads\/2025\/06\/oczko-plombownicze-750-px.webp\",\"width\":750,\"height\":501,\"caption\":\"Ojales para precintos de seguridad\"},{\"@type\":\"BreadcrumbList\",\"@id\":\"https:\/\/precintalia.com\/eko-m5-ojales\/#breadcrumb\",\"itemListElement\":[{\"@type\":\"ListItem\",\"position\":1,\"name\":\"Portada\",\"item\":\"https:\/\/precintalia.com\/\"},{\"@type\":\"ListItem\",\"position\":2,\"name\":\"EKO M5 Ojales\"}]},{\"@type\":\"WebSite\",\"@id\":\"https:\/\/precintalia.com\/#website\",\"url\":\"https:\/\/precintalia.com\/\",\"name\":\"Precintalia\",\"description\":\"Precintos de seguridad\",\"publisher\":{\"@id\":\"https:\/\/precintalia.com\/#organization\"},\"potentialAction\":[{\"@type\":\"SearchAction\",\"target\":{\"@type\":\"EntryPoint\",\"urlTemplate\":\"https:\/\/precintalia.com\/?s={search_term_string}\"},\"query-input\":{\"@type\":\"PropertyValueSpecification\",\"valueRequired\":true,\"valueName\":\"search_term_string\"}}],\"inLanguage\":\"en-GB\"},{\"@type\":\"Organization\",\"@id\":\"https:\/\/precintalia.com\/#organization\",\"name\":\"Precintalia\",\"url\":\"https:\/\/precintalia.com\/\",\"logo\":{\"@type\":\"ImageObject\",\"inLanguage\":\"en-GB\",\"@id\":\"https:\/\/precintalia.com\/#\/schema\/logo\/image\/\",\"url\":\"https:\/\/precintalia.com\/wp-content\/uploads\/2025\/03\/Logo-Precintalia-azul-PNG.png\",\"contentUrl\":\"https:\/\/precintalia.com\/wp-content\/uploads\/2025\/03\/Logo-Precintalia-azul-PNG.png\",\"width\":500,\"height\":229,\"caption\":\"Precintalia\"},\"image\":{\"@id\":\"https:\/\/precintalia.com\/#\/schema\/logo\/image\/\"}}]}<\/script>\n<!-- \/ Yoast SEO plugin. -->","yoast_head_json":{"title":"Sello de medidor de seguridad SIBO-ROTO WHITE - Precintalia","description":"Ojales EKO M5 resistentes para el cierre seguro de precintos. Fabricados en metal, ideales para aplicaciones industriales y log\u00edsticas.","robots":{"index":"index","follow":"follow","max-snippet":"max-snippet:-1","max-image-preview":"max-image-preview:large","max-video-preview":"max-video-preview:-1"},"canonical":"https:\/\/precintalia.com\/en\/eko-m5-ojales\/","og_locale":"en_GB","og_type":"article","og_title":"Sello de medidor de seguridad SIBO-ROTO WHITE - Precintalia","og_description":"Ojales EKO M5 resistentes para el cierre seguro de precintos. Fabricados en metal, ideales para aplicaciones industriales y log\u00edsticas.","og_url":"https:\/\/precintalia.com\/en\/eko-m5-ojales\/","og_site_name":"Precintalia","article_modified_time":"2025-12-11T18:52:26+00:00","og_image":[{"width":750,"height":501,"url":"https:\/\/precintalia.com\/wp-content\/uploads\/2025\/06\/oczko-plombownicze-750-px.webp","type":"image\/webp"}],"twitter_card":"summary_large_image","twitter_misc":{"Estimated reading time":"2 minutes"},"schema":{"@context":"https:\/\/schema.org","@graph":[{"@type":"WebPage","@id":"https:\/\/precintalia.com\/eko-m5-ojales\/","url":"https:\/\/precintalia.com\/eko-m5-ojales\/","name":"Sello de medidor de seguridad SIBO-ROTO WHITE - Precintalia","isPartOf":{"@id":"https:\/\/precintalia.com\/#website"},"primaryImageOfPage":{"@id":"https:\/\/precintalia.com\/eko-m5-ojales\/#primaryimage"},"image":{"@id":"https:\/\/precintalia.com\/eko-m5-ojales\/#primaryimage"},"thumbnailUrl":"https:\/\/precintalia.com\/wp-content\/uploads\/2025\/06\/oczko-plombownicze-750-px.webp","datePublished":"2025-06-16T13:36:45+00:00","dateModified":"2025-12-11T18:52:26+00:00","description":"Ojales EKO M5 resistentes para el cierre seguro de precintos. Fabricados en metal, ideales para aplicaciones industriales y log\u00edsticas.","breadcrumb":{"@id":"https:\/\/precintalia.com\/eko-m5-ojales\/#breadcrumb"},"inLanguage":"en-GB","potentialAction":[{"@type":"ReadAction","target":["https:\/\/precintalia.com\/eko-m5-ojales\/"]}]},{"@type":"ImageObject","inLanguage":"en-GB","@id":"https:\/\/precintalia.com\/eko-m5-ojales\/#primaryimage","url":"https:\/\/precintalia.com\/wp-content\/uploads\/2025\/06\/oczko-plombownicze-750-px.webp","contentUrl":"https:\/\/precintalia.com\/wp-content\/uploads\/2025\/06\/oczko-plombownicze-750-px.webp","width":750,"height":501,"caption":"Ojales para precintos de seguridad"},{"@type":"BreadcrumbList","@id":"https:\/\/precintalia.com\/eko-m5-ojales\/#breadcrumb","itemListElement":[{"@type":"ListItem","position":1,"name":"Portada","item":"https:\/\/precintalia.com\/"},{"@type":"ListItem","position":2,"name":"EKO M5 Ojales"}]},{"@type":"WebSite","@id":"https:\/\/precintalia.com\/#website","url":"https:\/\/precintalia.com\/","name":"Precintalia","description":"Security seals","publisher":{"@id":"https:\/\/precintalia.com\/#organization"},"potentialAction":[{"@type":"SearchAction","target":{"@type":"EntryPoint","urlTemplate":"https:\/\/precintalia.com\/?s={search_term_string}"},"query-input":{"@type":"PropertyValueSpecification","valueRequired":true,"valueName":"search_term_string"}}],"inLanguage":"en-GB"},{"@type":"Organization","@id":"https:\/\/precintalia.com\/#organization","name":"Precintalia","url":"https:\/\/precintalia.com\/","logo":{"@type":"ImageObject","inLanguage":"en-GB","@id":"https:\/\/precintalia.com\/#\/schema\/logo\/image\/","url":"https:\/\/precintalia.com\/wp-content\/uploads\/2025\/03\/Logo-Precintalia-azul-PNG.png","contentUrl":"https:\/\/precintalia.com\/wp-content\/uploads\/2025\/03\/Logo-Precintalia-azul-PNG.png","width":500,"height":229,"caption":"Precintalia"},"image":{"@id":"https:\/\/precintalia.com\/#\/schema\/logo\/image\/"}}]}},"_links":{"self":[{"href":"https:\/\/precintalia.com\/en\/wp-json\/wp\/v2\/pages\/1585","targetHints":{"allow":["GET"]}}],"collection":[{"href":"https:\/\/precintalia.com\/en\/wp-json\/wp\/v2\/pages"}],"about":[{"href":"https:\/\/precintalia.com\/en\/wp-json\/wp\/v2\/types\/page"}],"author":[{"embeddable":true,"href":"https:\/\/precintalia.com\/en\/wp-json\/wp\/v2\/users\/1"}],"replies":[{"embeddable":true,"href":"https:\/\/precintalia.com\/en\/wp-json\/wp\/v2\/comments?post=1585"}],"version-history":[{"count":3,"href":"https:\/\/precintalia.com\/en\/wp-json\/wp\/v2\/pages\/1585\/revisions"}],"predecessor-version":[{"id":4004,"href":"https:\/\/precintalia.com\/en\/wp-json\/wp\/v2\/pages\/1585\/revisions\/4004"}],"wp:featuredmedia":[{"embeddable":true,"href":"https:\/\/precintalia.com\/en\/wp-json\/wp\/v2\/media\/1564"}],"wp:attachment":[{"href":"https:\/\/precintalia.com\/en\/wp-json\/wp\/v2\/media?parent=1585"}],"curies":[{"name":"wp","href":"https:\/\/api.w.org\/{rel}","templated":true}]}}