{"id":1530,"date":"2025-06-16T14:12:36","date_gmt":"2025-06-16T12:12:36","guid":{"rendered":"http:\/\/precintalia.com\/?page_id=1530"},"modified":"2025-11-30T13:53:14","modified_gmt":"2025-11-30T12:53:14","slug":"precintos-y-bolsas-precintadas","status":"publish","type":"page","link":"https:\/\/precintalia.com\/en\/precintos-y-bolsas-precintadas\/","title":{"rendered":"Precintos y bolsas precintadas"},"content":{"rendered":"<div data-elementor-type=\"wp-page\" data-elementor-id=\"1530\" class=\"elementor elementor-1530\" data-elementor-post-type=\"page\">\n\t\t\t\t<div class=\"elementor-element elementor-element-1080384 e-flex e-con-boxed e-con e-parent\" data-id=\"1080384\" data-element_type=\"container\" data-settings=\"{&quot;background_background&quot;:&quot;classic&quot;}\">\n\t\t\t\t\t<div class=\"e-con-inner\">\n\t\t<div class=\"elementor-element elementor-element-0f1049e e-con-full e-flex e-con e-child\" data-id=\"0f1049e\" data-element_type=\"container\">\n\t\t\t\t<div class=\"elementor-element elementor-element-9aca590 elementor-widget elementor-widget-heading\" data-id=\"9aca590\" data-element_type=\"widget\" data-widget_type=\"heading.default\">\n\t\t\t\t<div class=\"elementor-widget-container\">\n\t\t\t\t\t<h1 class=\"elementor-heading-title elementor-size-default\">Precintos y bolsas precintadas<\/h1>\t\t\t\t<\/div>\n\t\t\t\t<\/div>\n\t\t\t\t<\/div>\n\t\t\t\t\t<\/div>\n\t\t\t\t<\/div>\n\t\t<div class=\"elementor-element elementor-element-7a10807 e-con-full e-flex e-con e-parent\" data-id=\"7a10807\" data-element_type=\"container\">\n\t\t<div class=\"elementor-element elementor-element-f6e07cd e-con-full e-flex e-con e-child\" data-id=\"f6e07cd\" data-element_type=\"container\">\n\t\t\t\t<\/div>\n\t\t<div class=\"elementor-element elementor-element-f5cd94f e-con-full e-flex e-con e-child\" data-id=\"f5cd94f\" data-element_type=\"container\">\n\t\t\t\t<div class=\"elementor-element elementor-element-c2a0396 elementor-position-top elementor-widget elementor-widget-image-box\" data-id=\"c2a0396\" data-element_type=\"widget\" data-widget_type=\"image-box.default\">\n\t\t\t\t<div class=\"elementor-widget-container\">\n\t\t\t\t\t<div class=\"elementor-image-box-wrapper\"><figure class=\"elementor-image-box-img\"><a href=\"https:\/\/precintalia.com\/en\/precintos-de-flecha-para-sobres-de-eps-sellados\/\" tabindex=\"-1\"><img fetchpriority=\"high\" decoding=\"async\" width=\"750\" height=\"502\" src=\"https:\/\/precintalia.com\/wp-content\/uploads\/2025\/06\/arrow1.webp\" class=\"elementor-animation-grow attachment-full size-full wp-image-1534\" alt=\"Precintos de flecha para sobres de EPS sellados\" srcset=\"https:\/\/precintalia.com\/wp-content\/uploads\/2025\/06\/arrow1.webp 750w, https:\/\/precintalia.com\/wp-content\/uploads\/2025\/06\/arrow1-300x201.webp 300w\" sizes=\"(max-width: 750px) 100vw, 750px\" \/><\/a><\/figure><div class=\"elementor-image-box-content\"><h3 class=\"elementor-image-box-title\"><a href=\"https:\/\/precintalia.com\/en\/precintos-de-flecha-para-sobres-de-eps-sellados\/\">Precintos de flecha para sobres de EPS sellados<\/a><\/h3><p class=\"elementor-image-box-description\">\u2714 Tiempo de entrega: 7-14 d\u00edas<br>\u2714 Pedido m\u00ednimo: 500 uds<\/p><\/div><\/div>\t\t\t\t<\/div>\n\t\t\t\t<\/div>\n\t\t\t\t<\/div>\n\t\t<div class=\"elementor-element elementor-element-e3fafa3 e-con-full e-flex e-con e-child\" data-id=\"e3fafa3\" data-element_type=\"container\">\n\t\t\t\t<div class=\"elementor-element elementor-element-d10e303 elementor-position-top elementor-widget elementor-widget-image-box\" data-id=\"d10e303\" data-element_type=\"widget\" data-widget_type=\"image-box.default\">\n\t\t\t\t<div class=\"elementor-widget-container\">\n\t\t\t\t\t<div class=\"elementor-image-box-wrapper\"><figure class=\"elementor-image-box-img\"><a href=\"https:\/\/precintalia.com\/en\/sobres-sellados-cryptex\/\" tabindex=\"-1\"><img decoding=\"async\" width=\"800\" height=\"544\" data-src=\"https:\/\/precintalia.com\/wp-content\/uploads\/2025\/06\/saszetki.webp\" class=\"elementor-animation-grow attachment-full size-full wp-image-1531 lazyload\" alt=\"Precintos y bolsas precintadas al por mayor\" data-srcset=\"https:\/\/precintalia.com\/wp-content\/uploads\/2025\/06\/saszetki.webp 800w, https:\/\/precintalia.com\/wp-content\/uploads\/2025\/06\/saszetki-300x204.webp 300w, https:\/\/precintalia.com\/wp-content\/uploads\/2025\/06\/saszetki-768x522.webp 768w\" data-sizes=\"(max-width: 800px) 100vw, 800px\" src=\"data:image\/svg+xml;base64,PHN2ZyB3aWR0aD0iMSIgaGVpZ2h0PSIxIiB4bWxucz0iaHR0cDovL3d3dy53My5vcmcvMjAwMC9zdmciPjwvc3ZnPg==\" style=\"--smush-placeholder-width: 800px; --smush-placeholder-aspect-ratio: 800\/544;\" \/><\/a><\/figure><div class=\"elementor-image-box-content\"><h3 class=\"elementor-image-box-title\"><a href=\"https:\/\/precintalia.com\/en\/sobres-sellados-cryptex\/\">Sobres<br>sellados<br>CRYPTEX<\/a><\/h3><p class=\"elementor-image-box-description\">\u2714 Tiempo de entrega: 7-14 d\u00edas<br>\u2714 Pedido m\u00ednimo: 500 uds<\/p><\/div><\/div>\t\t\t\t<\/div>\n\t\t\t\t<\/div>\n\t\t\t\t<\/div>\n\t\t<div class=\"elementor-element elementor-element-b3208f3 e-con-full e-flex e-con e-child\" data-id=\"b3208f3\" data-element_type=\"container\">\n\t\t\t\t<\/div>\n\t\t\t\t<\/div>\n\t\t\t\t<\/div>","protected":false},"excerpt":{"rendered":"<p>Precintos y bolsas precintadas Precintos de flecha para sobres de EPS sellados \u2714 Tiempo de entrega: 7-14 d\u00edas\u2714 Pedido m\u00ednimo: 500 uds SobresselladosCRYPTEX \u2714 Tiempo de entrega: 7-14 d\u00edas\u2714 Pedido m\u00ednimo: 500 uds<\/p>","protected":false},"author":1,"featured_media":1531,"parent":0,"menu_order":0,"comment_status":"closed","ping_status":"closed","template":"elementor_header_footer","meta":{"footnotes":""},"class_list":["post-1530","page","type-page","status-publish","has-post-thumbnail","hentry"],"yoast_head":"<!-- This site is optimized with the Yoast SEO plugin v26.5 - https:\/\/yoast.com\/wordpress\/plugins\/seo\/ -->\n<title>Precintos y bolsas precintadas - Precintalia<\/title>\n<meta name=\"description\" content=\"Bolsas precintadas y precintos de seguridad para transporte, log\u00edstica y documentaci\u00f3n. Alta protecci\u00f3n y control de accesos.\" \/>\n<meta name=\"robots\" content=\"index, follow, max-snippet:-1, max-image-preview:large, max-video-preview:-1\" \/>\n<link rel=\"canonical\" href=\"https:\/\/precintalia.com\/en\/precintos-y-bolsas-precintadas\/\" \/>\n<meta property=\"og:locale\" content=\"en_GB\" \/>\n<meta property=\"og:type\" content=\"article\" \/>\n<meta property=\"og:title\" content=\"Precintos y bolsas precintadas - Precintalia\" \/>\n<meta property=\"og:description\" content=\"Bolsas precintadas y precintos de seguridad para transporte, log\u00edstica y documentaci\u00f3n. Alta protecci\u00f3n y control de accesos.\" \/>\n<meta property=\"og:url\" content=\"https:\/\/precintalia.com\/en\/precintos-y-bolsas-precintadas\/\" \/>\n<meta property=\"og:site_name\" content=\"Precintalia\" \/>\n<meta property=\"article:modified_time\" content=\"2025-11-30T12:53:14+00:00\" \/>\n<meta property=\"og:image\" content=\"https:\/\/precintalia.com\/wp-content\/uploads\/2025\/06\/saszetki.webp\" \/>\n\t<meta property=\"og:image:width\" content=\"800\" \/>\n\t<meta property=\"og:image:height\" content=\"544\" \/>\n\t<meta property=\"og:image:type\" content=\"image\/webp\" \/>\n<meta name=\"twitter:card\" content=\"summary_large_image\" \/>\n<meta name=\"twitter:label1\" content=\"Estimated reading time\" \/>\n\t<meta name=\"twitter:data1\" content=\"1 minute\" \/>\n<script type=\"application\/ld+json\" class=\"yoast-schema-graph\">{\"@context\":\"https:\/\/schema.org\",\"@graph\":[{\"@type\":\"WebPage\",\"@id\":\"https:\/\/precintalia.com\/precintos-y-bolsas-precintadas\/\",\"url\":\"https:\/\/precintalia.com\/precintos-y-bolsas-precintadas\/\",\"name\":\"Precintos y bolsas precintadas - Precintalia\",\"isPartOf\":{\"@id\":\"https:\/\/precintalia.com\/#website\"},\"primaryImageOfPage\":{\"@id\":\"https:\/\/precintalia.com\/precintos-y-bolsas-precintadas\/#primaryimage\"},\"image\":{\"@id\":\"https:\/\/precintalia.com\/precintos-y-bolsas-precintadas\/#primaryimage\"},\"thumbnailUrl\":\"https:\/\/precintalia.com\/wp-content\/uploads\/2025\/06\/saszetki.webp\",\"datePublished\":\"2025-06-16T12:12:36+00:00\",\"dateModified\":\"2025-11-30T12:53:14+00:00\",\"description\":\"Bolsas precintadas y precintos de seguridad para transporte, log\u00edstica y documentaci\u00f3n. Alta protecci\u00f3n y control de accesos.\",\"breadcrumb\":{\"@id\":\"https:\/\/precintalia.com\/precintos-y-bolsas-precintadas\/#breadcrumb\"},\"inLanguage\":\"en-GB\",\"potentialAction\":[{\"@type\":\"ReadAction\",\"target\":[\"https:\/\/precintalia.com\/precintos-y-bolsas-precintadas\/\"]}]},{\"@type\":\"ImageObject\",\"inLanguage\":\"en-GB\",\"@id\":\"https:\/\/precintalia.com\/precintos-y-bolsas-precintadas\/#primaryimage\",\"url\":\"https:\/\/precintalia.com\/wp-content\/uploads\/2025\/06\/saszetki.webp\",\"contentUrl\":\"https:\/\/precintalia.com\/wp-content\/uploads\/2025\/06\/saszetki.webp\",\"width\":800,\"height\":544,\"caption\":\"Precintos y bolsas precintadas al por mayor\"},{\"@type\":\"BreadcrumbList\",\"@id\":\"https:\/\/precintalia.com\/precintos-y-bolsas-precintadas\/#breadcrumb\",\"itemListElement\":[{\"@type\":\"ListItem\",\"position\":1,\"name\":\"Portada\",\"item\":\"https:\/\/precintalia.com\/\"},{\"@type\":\"ListItem\",\"position\":2,\"name\":\"Precintos y bolsas precintadas\"}]},{\"@type\":\"WebSite\",\"@id\":\"https:\/\/precintalia.com\/#website\",\"url\":\"https:\/\/precintalia.com\/\",\"name\":\"Precintalia\",\"description\":\"Precintos de seguridad\",\"publisher\":{\"@id\":\"https:\/\/precintalia.com\/#organization\"},\"potentialAction\":[{\"@type\":\"SearchAction\",\"target\":{\"@type\":\"EntryPoint\",\"urlTemplate\":\"https:\/\/precintalia.com\/?s={search_term_string}\"},\"query-input\":{\"@type\":\"PropertyValueSpecification\",\"valueRequired\":true,\"valueName\":\"search_term_string\"}}],\"inLanguage\":\"en-GB\"},{\"@type\":\"Organization\",\"@id\":\"https:\/\/precintalia.com\/#organization\",\"name\":\"Precintalia\",\"url\":\"https:\/\/precintalia.com\/\",\"logo\":{\"@type\":\"ImageObject\",\"inLanguage\":\"en-GB\",\"@id\":\"https:\/\/precintalia.com\/#\/schema\/logo\/image\/\",\"url\":\"https:\/\/precintalia.com\/wp-content\/uploads\/2025\/03\/Logo-Precintalia-azul-PNG.png\",\"contentUrl\":\"https:\/\/precintalia.com\/wp-content\/uploads\/2025\/03\/Logo-Precintalia-azul-PNG.png\",\"width\":500,\"height\":229,\"caption\":\"Precintalia\"},\"image\":{\"@id\":\"https:\/\/precintalia.com\/#\/schema\/logo\/image\/\"}}]}<\/script>\n<!-- \/ Yoast SEO plugin. -->","yoast_head_json":{"title":"Precintos y bolsas precintadas - Precintalia","description":"Bolsas precintadas y precintos de seguridad para transporte, log\u00edstica y documentaci\u00f3n. Alta protecci\u00f3n y control de accesos.","robots":{"index":"index","follow":"follow","max-snippet":"max-snippet:-1","max-image-preview":"max-image-preview:large","max-video-preview":"max-video-preview:-1"},"canonical":"https:\/\/precintalia.com\/en\/precintos-y-bolsas-precintadas\/","og_locale":"en_GB","og_type":"article","og_title":"Precintos y bolsas precintadas - Precintalia","og_description":"Bolsas precintadas y precintos de seguridad para transporte, log\u00edstica y documentaci\u00f3n. Alta protecci\u00f3n y control de accesos.","og_url":"https:\/\/precintalia.com\/en\/precintos-y-bolsas-precintadas\/","og_site_name":"Precintalia","article_modified_time":"2025-11-30T12:53:14+00:00","og_image":[{"width":800,"height":544,"url":"https:\/\/precintalia.com\/wp-content\/uploads\/2025\/06\/saszetki.webp","type":"image\/webp"}],"twitter_card":"summary_large_image","twitter_misc":{"Estimated reading time":"1 minute"},"schema":{"@context":"https:\/\/schema.org","@graph":[{"@type":"WebPage","@id":"https:\/\/precintalia.com\/precintos-y-bolsas-precintadas\/","url":"https:\/\/precintalia.com\/precintos-y-bolsas-precintadas\/","name":"Precintos y bolsas precintadas - Precintalia","isPartOf":{"@id":"https:\/\/precintalia.com\/#website"},"primaryImageOfPage":{"@id":"https:\/\/precintalia.com\/precintos-y-bolsas-precintadas\/#primaryimage"},"image":{"@id":"https:\/\/precintalia.com\/precintos-y-bolsas-precintadas\/#primaryimage"},"thumbnailUrl":"https:\/\/precintalia.com\/wp-content\/uploads\/2025\/06\/saszetki.webp","datePublished":"2025-06-16T12:12:36+00:00","dateModified":"2025-11-30T12:53:14+00:00","description":"Bolsas precintadas y precintos de seguridad para transporte, log\u00edstica y documentaci\u00f3n. Alta protecci\u00f3n y control de accesos.","breadcrumb":{"@id":"https:\/\/precintalia.com\/precintos-y-bolsas-precintadas\/#breadcrumb"},"inLanguage":"en-GB","potentialAction":[{"@type":"ReadAction","target":["https:\/\/precintalia.com\/precintos-y-bolsas-precintadas\/"]}]},{"@type":"ImageObject","inLanguage":"en-GB","@id":"https:\/\/precintalia.com\/precintos-y-bolsas-precintadas\/#primaryimage","url":"https:\/\/precintalia.com\/wp-content\/uploads\/2025\/06\/saszetki.webp","contentUrl":"https:\/\/precintalia.com\/wp-content\/uploads\/2025\/06\/saszetki.webp","width":800,"height":544,"caption":"Precintos y bolsas precintadas al por mayor"},{"@type":"BreadcrumbList","@id":"https:\/\/precintalia.com\/precintos-y-bolsas-precintadas\/#breadcrumb","itemListElement":[{"@type":"ListItem","position":1,"name":"Portada","item":"https:\/\/precintalia.com\/"},{"@type":"ListItem","position":2,"name":"Precintos y bolsas precintadas"}]},{"@type":"WebSite","@id":"https:\/\/precintalia.com\/#website","url":"https:\/\/precintalia.com\/","name":"Precintalia","description":"Security seals","publisher":{"@id":"https:\/\/precintalia.com\/#organization"},"potentialAction":[{"@type":"SearchAction","target":{"@type":"EntryPoint","urlTemplate":"https:\/\/precintalia.com\/?s={search_term_string}"},"query-input":{"@type":"PropertyValueSpecification","valueRequired":true,"valueName":"search_term_string"}}],"inLanguage":"en-GB"},{"@type":"Organization","@id":"https:\/\/precintalia.com\/#organization","name":"Precintalia","url":"https:\/\/precintalia.com\/","logo":{"@type":"ImageObject","inLanguage":"en-GB","@id":"https:\/\/precintalia.com\/#\/schema\/logo\/image\/","url":"https:\/\/precintalia.com\/wp-content\/uploads\/2025\/03\/Logo-Precintalia-azul-PNG.png","contentUrl":"https:\/\/precintalia.com\/wp-content\/uploads\/2025\/03\/Logo-Precintalia-azul-PNG.png","width":500,"height":229,"caption":"Precintalia"},"image":{"@id":"https:\/\/precintalia.com\/#\/schema\/logo\/image\/"}}]}},"_links":{"self":[{"href":"https:\/\/precintalia.com\/en\/wp-json\/wp\/v2\/pages\/1530","targetHints":{"allow":["GET"]}}],"collection":[{"href":"https:\/\/precintalia.com\/en\/wp-json\/wp\/v2\/pages"}],"about":[{"href":"https:\/\/precintalia.com\/en\/wp-json\/wp\/v2\/types\/page"}],"author":[{"embeddable":true,"href":"https:\/\/precintalia.com\/en\/wp-json\/wp\/v2\/users\/1"}],"replies":[{"embeddable":true,"href":"https:\/\/precintalia.com\/en\/wp-json\/wp\/v2\/comments?post=1530"}],"version-history":[{"count":0,"href":"https:\/\/precintalia.com\/en\/wp-json\/wp\/v2\/pages\/1530\/revisions"}],"wp:featuredmedia":[{"embeddable":true,"href":"https:\/\/precintalia.com\/en\/wp-json\/wp\/v2\/media\/1531"}],"wp:attachment":[{"href":"https:\/\/precintalia.com\/en\/wp-json\/wp\/v2\/media?parent=1530"}],"curies":[{"name":"wp","href":"https:\/\/api.w.org\/{rel}","templated":true}]}}