{"id":1483,"date":"2025-06-16T11:22:01","date_gmt":"2025-06-16T09:22:01","guid":{"rendered":"http:\/\/precintalia.com\/?page_id=1483"},"modified":"2025-12-11T19:48:54","modified_gmt":"2025-12-11T18:48:54","slug":"marks-for-venison-carcasses-kyr","status":"publish","type":"page","link":"https:\/\/precintalia.com\/en\/marks-for-venison-carcasses-kyr\/","title":{"rendered":"Precintos para canales de venado KYR"},"content":{"rendered":"<div data-elementor-type=\"wp-page\" data-elementor-id=\"1483\" class=\"elementor elementor-1483\" data-elementor-post-type=\"page\">\n\t\t\t\t<div class=\"elementor-element elementor-element-2264c69 e-con-full e-flex e-con e-parent\" data-id=\"2264c69\" data-element_type=\"container\">\n\t\t<div class=\"elementor-element elementor-element-c0a42f7 e-con-full e-flex e-con e-child\" data-id=\"c0a42f7\" data-element_type=\"container\">\n\t\t\t\t<div class=\"elementor-element elementor-element-ffb43b4 elementor-widget elementor-widget-image\" data-id=\"ffb43b4\" data-element_type=\"widget\" data-widget_type=\"image.default\">\n\t\t\t\t<div class=\"elementor-widget-container\">\n\t\t\t\t\t\t\t\t\t\t\t\t\t\t\t\t<a href=\"https:\/\/precintalia.com\/wp-content\/uploads\/2025\/06\/kyr2.webp\" data-elementor-open-lightbox=\"yes\" data-elementor-lightbox-title=\"kyr2\" data-e-action-hash=\"#elementor-action%3Aaction%3Dlightbox%26settings%3DeyJpZCI6MTQ3MiwidXJsIjoiaHR0cHM6XC9cL3ByZWNpbnRhbGlhLmNvbVwvd3AtY29udGVudFwvdXBsb2Fkc1wvMjAyNVwvMDZcL2t5cjIud2VicCJ9\">\n\t\t\t\t\t\t\t<img fetchpriority=\"high\" decoding=\"async\" width=\"1000\" height=\"567\" src=\"https:\/\/precintalia.com\/wp-content\/uploads\/2025\/06\/kyr2.webp\" class=\"attachment-full size-full wp-image-1472\" alt=\"\" srcset=\"https:\/\/precintalia.com\/wp-content\/uploads\/2025\/06\/kyr2.webp 1000w, https:\/\/precintalia.com\/wp-content\/uploads\/2025\/06\/kyr2-300x170.webp 300w, https:\/\/precintalia.com\/wp-content\/uploads\/2025\/06\/kyr2-768x435.webp 768w\" sizes=\"(max-width: 1000px) 100vw, 1000px\" \/>\t\t\t\t\t\t\t\t<\/a>\n\t\t\t\t\t\t\t\t\t\t\t\t\t\t\t<\/div>\n\t\t\t\t<\/div>\n\t\t\t\t<\/div>\n\t\t<div class=\"elementor-element elementor-element-b44bb0a e-con-full e-flex e-con e-child\" data-id=\"b44bb0a\" data-element_type=\"container\">\n\t\t\t\t<div class=\"elementor-element elementor-element-6107d8a elementor-widget elementor-widget-heading\" data-id=\"6107d8a\" data-element_type=\"widget\" data-widget_type=\"heading.default\">\n\t\t\t\t<div class=\"elementor-widget-container\">\n\t\t\t\t\t<h1 class=\"elementor-heading-title elementor-size-default\">Precintos para canales de venado KYR<\/h1>\t\t\t\t<\/div>\n\t\t\t\t<\/div>\n\t\t\t\t<div class=\"elementor-element elementor-element-ec87a07 elementor-widget elementor-widget-text-editor\" data-id=\"ec87a07\" data-element_type=\"widget\" data-widget_type=\"text-editor.default\">\n\t\t\t\t<div class=\"elementor-widget-container\">\n\t\t\t\t\t\t\t\t\t<p><span>La marca KYR para canales de venado consta de dos elementos con la misma numeraci\u00f3n. Uno se utiliza para marcar la canal y suele fijarse en la extremidad trasera; el otro se coloca en la red con v\u00edsceras comestibles de animales grandes: coraz\u00f3n, h\u00edgado, ri\u00f1ones y pulmones.<\/span><\/p><p><span>Las marcas de la serie KYR son de fabricaci\u00f3n polaca y son utilizadas por cazadores para marcar cad\u00e1veres de jabal\u00edes y ciervos. Nuestras marcas de la serie KYR tambi\u00e9n cumplen con las directrices del Jefe de Servicios Veterinarios para el marcado de cad\u00e1veres de jabal\u00edes, obtenidas durante la caza en zonas peligrosas y en pr\u00e1cticas de tiro sanitarias. Las marcas para cad\u00e1veres de venado est\u00e1n disponibles en color naranja. Realizamos una impresi\u00f3n permanente con las marcas de la Inspecci\u00f3n Veterinaria, el c\u00f3digo de voivodato y poviato, y una numeraci\u00f3n individual, secuencial y \u00fanica. Para los cad\u00e1veres de venado obtenidos durante la caza normal, imprimimos los c\u00f3digos de barras requeridos por la ordenanza sobre las condiciones detalladas para la caza y el marcado de cad\u00e1veres.<\/span><\/p>\t\t\t\t\t\t\t\t<\/div>\n\t\t\t\t<\/div>\n\t\t<div class=\"elementor-element elementor-element-01ec774 e-grid e-con-full e-con e-child\" data-id=\"01ec774\" data-element_type=\"container\">\n\t\t\t\t<div class=\"elementor-element elementor-element-3f74d89 elementor-widget elementor-widget-button\" data-id=\"3f74d89\" data-element_type=\"widget\" data-widget_type=\"button.default\">\n\t\t\t\t<div class=\"elementor-widget-container\">\n\t\t\t\t\t\t\t\t\t<div class=\"elementor-button-wrapper\">\n\t\t\t\t\t<a class=\"elementor-button elementor-size-sm elementor-animation-grow\" role=\"button\">\n\t\t\t\t\t\t<span class=\"elementor-button-content-wrapper\">\n\t\t\t\t\t\t\t\t\t<span class=\"elementor-button-text\">Delivery time<br>7-14 d\u00edas<\/span>\n\t\t\t\t\t<\/span>\n\t\t\t\t\t<\/a>\n\t\t\t\t<\/div>\n\t\t\t\t\t\t\t\t<\/div>\n\t\t\t\t<\/div>\n\t\t\t\t<div class=\"elementor-element elementor-element-0c7ef83 elementor-widget elementor-widget-button\" data-id=\"0c7ef83\" data-element_type=\"widget\" data-widget_type=\"button.default\">\n\t\t\t\t<div class=\"elementor-widget-container\">\n\t\t\t\t\t\t\t\t\t<div class=\"elementor-button-wrapper\">\n\t\t\t\t\t<a class=\"elementor-button elementor-size-sm elementor-animation-grow\" role=\"button\">\n\t\t\t\t\t\t<span class=\"elementor-button-content-wrapper\">\n\t\t\t\t\t\t\t\t\t<span class=\"elementor-button-text\">Minimum order<br>500 uds<\/span>\n\t\t\t\t\t<\/span>\n\t\t\t\t\t<\/a>\n\t\t\t\t<\/div>\n\t\t\t\t\t\t\t\t<\/div>\n\t\t\t\t<\/div>\n\t\t\t\t<\/div>\n\t\t\t\t<div class=\"elementor-element elementor-element-fe9a610 elementor-align-left elementor-mobile-align-center elementor-widget elementor-widget-button\" data-id=\"fe9a610\" data-element_type=\"widget\" data-widget_type=\"button.default\">\n\t\t\t\t<div class=\"elementor-widget-container\">\n\t\t\t\t\t\t\t\t\t<div class=\"elementor-button-wrapper\">\n\t\t\t\t\t<a class=\"elementor-button elementor-button-link elementor-size-sm elementor-animation-grow\" href=\"#elementor-action%3Aaction%3Dpopup%3Aopen%26settings%3DeyJpZCI6IjM5NTUiLCJ0b2dnbGUiOmZhbHNlfQ%3D%3D\">\n\t\t\t\t\t\t<span class=\"elementor-button-content-wrapper\">\n\t\t\t\t\t\t\t\t\t<span class=\"elementor-button-text\">Ask about the product<\/span>\n\t\t\t\t\t<\/span>\n\t\t\t\t\t<\/a>\n\t\t\t\t<\/div>\n\t\t\t\t\t\t\t\t<\/div>\n\t\t\t\t<\/div>\n\t\t\t\t<\/div>\n\t\t\t\t<\/div>\n\t\t<div class=\"elementor-element elementor-element-3db57e0 e-flex e-con-boxed e-con e-parent\" data-id=\"3db57e0\" data-element_type=\"container\">\n\t\t\t\t\t<div class=\"e-con-inner\">\n\t\t\t\t<div class=\"elementor-element elementor-element-ec99ac5 elementor-widget elementor-widget-n-accordion\" data-id=\"ec99ac5\" data-element_type=\"widget\" data-settings=\"{&quot;default_state&quot;:&quot;all_collapsed&quot;,&quot;max_items_expended&quot;:&quot;multiple&quot;,&quot;n_accordion_animation_duration&quot;:{&quot;unit&quot;:&quot;ms&quot;,&quot;size&quot;:400,&quot;sizes&quot;:[]}}\" data-widget_type=\"nested-accordion.default\">\n\t\t\t\t<div class=\"elementor-widget-container\">\n\t\t\t\t\t\t\t<div class=\"e-n-accordion\" aria-label=\"Accordion. Open links with Enter or Space, close with Escape, and navigate with Arrow Keys\">\n\t\t\t\t\t\t<details id=\"e-n-accordion-item-2480\" class=\"e-n-accordion-item\" >\n\t\t\t\t<summary class=\"e-n-accordion-item-title\" data-accordion-index=\"1\" tabindex=\"0\" aria-expanded=\"false\" aria-controls=\"e-n-accordion-item-2480\" >\n\t\t\t\t\t<span class='e-n-accordion-item-title-header'><div class=\"e-n-accordion-item-title-text\"> Colores disponibles <\/div><\/span>\n\t\t\t\t\t\t\t<span class='e-n-accordion-item-title-icon'>\n\t\t\t<span class='e-opened' ><svg aria-hidden=\"true\" class=\"e-font-icon-svg e-fas-minus\" viewbox=\"0 0 448 512\" xmlns=\"http:\/\/www.w3.org\/2000\/svg\"><path d=\"M416 208H32c-17.67 0-32 14.33-32 32v32c0 17.67 14.33 32 32 32h384c17.67 0 32-14.33 32-32v-32c0-17.67-14.33-32-32-32z\"><\/path><\/svg><\/span>\n\t\t\t<span class='e-closed'><svg aria-hidden=\"true\" class=\"e-font-icon-svg e-fas-plus\" viewbox=\"0 0 448 512\" xmlns=\"http:\/\/www.w3.org\/2000\/svg\"><path d=\"M416 208H272V64c0-17.67-14.33-32-32-32h-32c-17.67 0-32 14.33-32 32v144H32c-17.67 0-32 14.33-32 32v32c0 17.67 14.33 32 32 32h144v144c0 17.67 14.33 32 32 32h32c17.67 0 32-14.33 32-32V304h144c17.67 0 32-14.33 32-32v-32c0-17.67-14.33-32-32-32z\"><\/path><\/svg><\/span>\n\t\t<\/span>\n\n\t\t\t\t\t\t<\/summary>\n\t\t\t\t<div role=\"region\" aria-labelledby=\"e-n-accordion-item-2480\" class=\"elementor-element elementor-element-c2a60b5 e-con-full e-flex e-con e-child\" data-id=\"c2a60b5\" data-element_type=\"container\">\n\t\t\t\t<div class=\"elementor-element elementor-element-5ba9dc9 elementor-widget elementor-widget-button\" data-id=\"5ba9dc9\" data-element_type=\"widget\" data-widget_type=\"button.default\">\n\t\t\t\t<div class=\"elementor-widget-container\">\n\t\t\t\t\t\t\t\t\t<div class=\"elementor-button-wrapper\">\n\t\t\t\t\t<a class=\"elementor-button elementor-size-sm elementor-animation-grow\" role=\"button\">\n\t\t\t\t\t\t<span class=\"elementor-button-content-wrapper\">\n\t\t\t\t\t\t\t\t\t<span class=\"elementor-button-text\">Naranja<\/span>\n\t\t\t\t\t<\/span>\n\t\t\t\t\t<\/a>\n\t\t\t\t<\/div>\n\t\t\t\t\t\t\t\t<\/div>\n\t\t\t\t<\/div>\n\t\t\t\t<div class=\"elementor-element elementor-element-69810dc elementor-widget elementor-widget-button\" data-id=\"69810dc\" data-element_type=\"widget\" data-widget_type=\"button.default\">\n\t\t\t\t<div class=\"elementor-widget-container\">\n\t\t\t\t\t\t\t\t\t<div class=\"elementor-button-wrapper\">\n\t\t\t\t\t<a class=\"elementor-button elementor-size-sm elementor-animation-grow\" role=\"button\">\n\t\t\t\t\t\t<span class=\"elementor-button-content-wrapper\">\n\t\t\t\t\t\t\t\t\t<span class=\"elementor-button-text\">Amarillo<\/span>\n\t\t\t\t\t<\/span>\n\t\t\t\t\t<\/a>\n\t\t\t\t<\/div>\n\t\t\t\t\t\t\t\t<\/div>\n\t\t\t\t<\/div>\n\t\t\t\t<div class=\"elementor-element elementor-element-e911b94 elementor-widget elementor-widget-button\" data-id=\"e911b94\" data-element_type=\"widget\" data-widget_type=\"button.default\">\n\t\t\t\t<div class=\"elementor-widget-container\">\n\t\t\t\t\t\t\t\t\t<div class=\"elementor-button-wrapper\">\n\t\t\t\t\t<a class=\"elementor-button elementor-size-sm elementor-animation-grow\" role=\"button\">\n\t\t\t\t\t\t<span class=\"elementor-button-content-wrapper\">\n\t\t\t\t\t\t\t\t\t<span class=\"elementor-button-text\">Verde<\/span>\n\t\t\t\t\t<\/span>\n\t\t\t\t\t<\/a>\n\t\t\t\t<\/div>\n\t\t\t\t\t\t\t\t<\/div>\n\t\t\t\t<\/div>\n\t\t\t\t<div class=\"elementor-element elementor-element-a926e5b elementor-widget elementor-widget-button\" data-id=\"a926e5b\" data-element_type=\"widget\" data-widget_type=\"button.default\">\n\t\t\t\t<div class=\"elementor-widget-container\">\n\t\t\t\t\t\t\t\t\t<div class=\"elementor-button-wrapper\">\n\t\t\t\t\t<a class=\"elementor-button elementor-size-sm elementor-animation-grow\" role=\"button\">\n\t\t\t\t\t\t<span class=\"elementor-button-content-wrapper\">\n\t\t\t\t\t\t\t\t\t<span class=\"elementor-button-text\">Rojo<\/span>\n\t\t\t\t\t<\/span>\n\t\t\t\t\t<\/a>\n\t\t\t\t<\/div>\n\t\t\t\t\t\t\t\t<\/div>\n\t\t\t\t<\/div>\n\t\t\t\t<\/div>\n\t\t\t\t\t<\/details>\n\t\t\t\t\t\t<details id=\"e-n-accordion-item-2481\" class=\"e-n-accordion-item\" >\n\t\t\t\t<summary class=\"e-n-accordion-item-title\" data-accordion-index=\"2\" tabindex=\"-1\" aria-expanded=\"false\" aria-controls=\"e-n-accordion-item-2481\" >\n\t\t\t\t\t<span class='e-n-accordion-item-title-header'><div class=\"e-n-accordion-item-title-text\"> Uso <\/div><\/span>\n\t\t\t\t\t\t\t<span class='e-n-accordion-item-title-icon'>\n\t\t\t<span class='e-opened' ><svg aria-hidden=\"true\" class=\"e-font-icon-svg e-fas-minus\" viewbox=\"0 0 448 512\" xmlns=\"http:\/\/www.w3.org\/2000\/svg\"><path d=\"M416 208H32c-17.67 0-32 14.33-32 32v32c0 17.67 14.33 32 32 32h384c17.67 0 32-14.33 32-32v-32c0-17.67-14.33-32-32-32z\"><\/path><\/svg><\/span>\n\t\t\t<span class='e-closed'><svg aria-hidden=\"true\" class=\"e-font-icon-svg e-fas-plus\" viewbox=\"0 0 448 512\" xmlns=\"http:\/\/www.w3.org\/2000\/svg\"><path d=\"M416 208H272V64c0-17.67-14.33-32-32-32h-32c-17.67 0-32 14.33-32 32v144H32c-17.67 0-32 14.33-32 32v32c0 17.67 14.33 32 32 32h144v144c0 17.67 14.33 32 32 32h32c17.67 0 32-14.33 32-32V304h144c17.67 0 32-14.33 32-32v-32c0-17.67-14.33-32-32-32z\"><\/path><\/svg><\/span>\n\t\t<\/span>\n\n\t\t\t\t\t\t<\/summary>\n\t\t\t\t<div role=\"region\" aria-labelledby=\"e-n-accordion-item-2481\" class=\"elementor-element elementor-element-7f1283f e-con-full e-flex e-con e-child\" data-id=\"7f1283f\" data-element_type=\"container\">\n\t\t\t\t<div class=\"elementor-element elementor-element-928f6c0 elementor-widget elementor-widget-text-editor\" data-id=\"928f6c0\" data-element_type=\"widget\" data-widget_type=\"text-editor.default\">\n\t\t\t\t<div class=\"elementor-widget-container\">\n\t\t\t\t\t\t\t\t\t<p>Marcado de canales de carne de acuerdo con la ordenanza del Ministro de Medio Ambiente sobre las condiciones espec\u00edficas de la caza y marcado de canales.<\/p>\t\t\t\t\t\t\t\t<\/div>\n\t\t\t\t<\/div>\n\t\t\t\t<div class=\"elementor-element elementor-element-357cd86 elementor-widget elementor-widget-image\" data-id=\"357cd86\" data-element_type=\"widget\" data-widget_type=\"image.default\">\n\t\t\t\t<div class=\"elementor-widget-container\">\n\t\t\t\t\t\t\t\t\t\t\t\t\t\t\t\t<a href=\"https:\/\/precintalia.com\/wp-content\/uploads\/2025\/06\/zanaczniki-rysunek-1.webp\" data-elementor-open-lightbox=\"yes\" data-elementor-lightbox-title=\"zanaczniki-rysunek-1\" data-e-action-hash=\"#elementor-action%3Aaction%3Dlightbox%26settings%3DeyJpZCI6MTQ3MywidXJsIjoiaHR0cHM6XC9cL3ByZWNpbnRhbGlhLmNvbVwvd3AtY29udGVudFwvdXBsb2Fkc1wvMjAyNVwvMDZcL3phbmFjem5pa2ktcnlzdW5lay0xLndlYnAifQ%3D%3D\">\n\t\t\t\t\t\t\t<img decoding=\"async\" width=\"800\" height=\"329\" data-src=\"https:\/\/precintalia.com\/wp-content\/uploads\/2025\/06\/zanaczniki-rysunek-1-1024x421.webp\" class=\"attachment-large size-large wp-image-1473 lazyload\" alt=\"Precintos para canales de venado KYR medidas\" data-srcset=\"https:\/\/precintalia.com\/wp-content\/uploads\/2025\/06\/zanaczniki-rysunek-1-1024x421.webp 1024w, https:\/\/precintalia.com\/wp-content\/uploads\/2025\/06\/zanaczniki-rysunek-1-300x123.webp 300w, https:\/\/precintalia.com\/wp-content\/uploads\/2025\/06\/zanaczniki-rysunek-1-768x315.webp 768w, https:\/\/precintalia.com\/wp-content\/uploads\/2025\/06\/zanaczniki-rysunek-1.webp 1434w\" data-sizes=\"(max-width: 800px) 100vw, 800px\" src=\"data:image\/svg+xml;base64,PHN2ZyB3aWR0aD0iMSIgaGVpZ2h0PSIxIiB4bWxucz0iaHR0cDovL3d3dy53My5vcmcvMjAwMC9zdmciPjwvc3ZnPg==\" style=\"--smush-placeholder-width: 800px; --smush-placeholder-aspect-ratio: 800\/329;\" \/>\t\t\t\t\t\t\t\t<\/a>\n\t\t\t\t\t\t\t\t\t\t\t\t\t\t\t<\/div>\n\t\t\t\t<\/div>\n\t\t\t\t<\/div>\n\t\t\t\t\t<\/details>\n\t\t\t\t\t<\/div>\n\t\t\t\t\t\t<\/div>\n\t\t\t\t<\/div>\n\t\t\t\t\t<\/div>\n\t\t\t\t<\/div>\n\t\t\t\t<\/div>","protected":false},"excerpt":{"rendered":"<p>Precintos para canales de venado KYR La marca KYR para canales de venado consta de dos elementos con la misma numeraci\u00f3n. Uno se utiliza para marcar la canal y suele fijarse en la extremidad trasera; el otro se coloca en la red con v\u00edsceras comestibles de animales grandes: coraz\u00f3n, h\u00edgado, ri\u00f1ones y pulmones. Las marcas [&hellip;]<\/p>","protected":false},"author":1,"featured_media":1471,"parent":0,"menu_order":0,"comment_status":"closed","ping_status":"closed","template":"elementor_header_footer","meta":{"footnotes":""},"class_list":["post-1483","page","type-page","status-publish","has-post-thumbnail","hentry"],"yoast_head":"<!-- This site is optimized with the Yoast SEO plugin v26.5 - https:\/\/yoast.com\/wordpress\/plugins\/seo\/ -->\n<title>Sello de medidor de seguridad SIBO-ROTO WHITE - Precintalia<\/title>\n<meta name=\"description\" content=\"Precintos KYR ideales para canales de venado. Alta resistencia, seguridad y personalizaci\u00f3n para caza y trazabilidad alimentaria.\" \/>\n<meta name=\"robots\" content=\"index, follow, max-snippet:-1, max-image-preview:large, max-video-preview:-1\" \/>\n<link rel=\"canonical\" href=\"https:\/\/precintalia.com\/en\/marks-for-venison-carcasses-kyr\/\" \/>\n<meta property=\"og:locale\" content=\"en_GB\" \/>\n<meta property=\"og:type\" content=\"article\" \/>\n<meta property=\"og:title\" content=\"Sello de medidor de seguridad SIBO-ROTO WHITE - Precintalia\" \/>\n<meta property=\"og:description\" content=\"Precintos KYR ideales para canales de venado. Alta resistencia, seguridad y personalizaci\u00f3n para caza y trazabilidad alimentaria.\" \/>\n<meta property=\"og:url\" content=\"https:\/\/precintalia.com\/en\/marks-for-venison-carcasses-kyr\/\" \/>\n<meta property=\"og:site_name\" content=\"Precintalia\" \/>\n<meta property=\"article:modified_time\" content=\"2025-12-11T18:48:54+00:00\" \/>\n<meta property=\"og:image\" content=\"https:\/\/precintalia.com\/wp-content\/uploads\/2025\/06\/kyr1-320x240-1.webp\" \/>\n\t<meta property=\"og:image:width\" content=\"320\" \/>\n\t<meta property=\"og:image:height\" content=\"240\" \/>\n\t<meta property=\"og:image:type\" content=\"image\/webp\" \/>\n<meta name=\"twitter:card\" content=\"summary_large_image\" \/>\n<meta name=\"twitter:label1\" content=\"Estimated reading time\" \/>\n\t<meta name=\"twitter:data1\" content=\"2 minutes\" \/>\n<script type=\"application\/ld+json\" class=\"yoast-schema-graph\">{\"@context\":\"https:\/\/schema.org\",\"@graph\":[{\"@type\":\"WebPage\",\"@id\":\"https:\/\/precintalia.com\/marks-for-venison-carcasses-kyr\/\",\"url\":\"https:\/\/precintalia.com\/marks-for-venison-carcasses-kyr\/\",\"name\":\"Sello de medidor de seguridad SIBO-ROTO WHITE - Precintalia\",\"isPartOf\":{\"@id\":\"https:\/\/precintalia.com\/#website\"},\"primaryImageOfPage\":{\"@id\":\"https:\/\/precintalia.com\/marks-for-venison-carcasses-kyr\/#primaryimage\"},\"image\":{\"@id\":\"https:\/\/precintalia.com\/marks-for-venison-carcasses-kyr\/#primaryimage\"},\"thumbnailUrl\":\"https:\/\/precintalia.com\/wp-content\/uploads\/2025\/06\/kyr1-320x240-1.webp\",\"datePublished\":\"2025-06-16T09:22:01+00:00\",\"dateModified\":\"2025-12-11T18:48:54+00:00\",\"description\":\"Precintos KYR ideales para canales de venado. Alta resistencia, seguridad y personalizaci\u00f3n para caza y trazabilidad alimentaria.\",\"breadcrumb\":{\"@id\":\"https:\/\/precintalia.com\/marks-for-venison-carcasses-kyr\/#breadcrumb\"},\"inLanguage\":\"en-GB\",\"potentialAction\":[{\"@type\":\"ReadAction\",\"target\":[\"https:\/\/precintalia.com\/marks-for-venison-carcasses-kyr\/\"]}]},{\"@type\":\"ImageObject\",\"inLanguage\":\"en-GB\",\"@id\":\"https:\/\/precintalia.com\/marks-for-venison-carcasses-kyr\/#primaryimage\",\"url\":\"https:\/\/precintalia.com\/wp-content\/uploads\/2025\/06\/kyr1-320x240-1.webp\",\"contentUrl\":\"https:\/\/precintalia.com\/wp-content\/uploads\/2025\/06\/kyr1-320x240-1.webp\",\"width\":320,\"height\":240,\"caption\":\"Precintos para canales de venado KYR\"},{\"@type\":\"BreadcrumbList\",\"@id\":\"https:\/\/precintalia.com\/marks-for-venison-carcasses-kyr\/#breadcrumb\",\"itemListElement\":[{\"@type\":\"ListItem\",\"position\":1,\"name\":\"Portada\",\"item\":\"https:\/\/precintalia.com\/\"},{\"@type\":\"ListItem\",\"position\":2,\"name\":\"Precintos para canales de venado KYR\"}]},{\"@type\":\"WebSite\",\"@id\":\"https:\/\/precintalia.com\/#website\",\"url\":\"https:\/\/precintalia.com\/\",\"name\":\"Precintalia\",\"description\":\"Precintos de seguridad\",\"publisher\":{\"@id\":\"https:\/\/precintalia.com\/#organization\"},\"potentialAction\":[{\"@type\":\"SearchAction\",\"target\":{\"@type\":\"EntryPoint\",\"urlTemplate\":\"https:\/\/precintalia.com\/?s={search_term_string}\"},\"query-input\":{\"@type\":\"PropertyValueSpecification\",\"valueRequired\":true,\"valueName\":\"search_term_string\"}}],\"inLanguage\":\"en-GB\"},{\"@type\":\"Organization\",\"@id\":\"https:\/\/precintalia.com\/#organization\",\"name\":\"Precintalia\",\"url\":\"https:\/\/precintalia.com\/\",\"logo\":{\"@type\":\"ImageObject\",\"inLanguage\":\"en-GB\",\"@id\":\"https:\/\/precintalia.com\/#\/schema\/logo\/image\/\",\"url\":\"https:\/\/precintalia.com\/wp-content\/uploads\/2025\/03\/Logo-Precintalia-azul-PNG.png\",\"contentUrl\":\"https:\/\/precintalia.com\/wp-content\/uploads\/2025\/03\/Logo-Precintalia-azul-PNG.png\",\"width\":500,\"height\":229,\"caption\":\"Precintalia\"},\"image\":{\"@id\":\"https:\/\/precintalia.com\/#\/schema\/logo\/image\/\"}}]}<\/script>\n<!-- \/ Yoast SEO plugin. -->","yoast_head_json":{"title":"Sello de medidor de seguridad SIBO-ROTO WHITE - Precintalia","description":"Precintos KYR ideales para canales de venado. Alta resistencia, seguridad y personalizaci\u00f3n para caza y trazabilidad alimentaria.","robots":{"index":"index","follow":"follow","max-snippet":"max-snippet:-1","max-image-preview":"max-image-preview:large","max-video-preview":"max-video-preview:-1"},"canonical":"https:\/\/precintalia.com\/en\/marks-for-venison-carcasses-kyr\/","og_locale":"en_GB","og_type":"article","og_title":"Sello de medidor de seguridad SIBO-ROTO WHITE - Precintalia","og_description":"Precintos KYR ideales para canales de venado. Alta resistencia, seguridad y personalizaci\u00f3n para caza y trazabilidad alimentaria.","og_url":"https:\/\/precintalia.com\/en\/marks-for-venison-carcasses-kyr\/","og_site_name":"Precintalia","article_modified_time":"2025-12-11T18:48:54+00:00","og_image":[{"width":320,"height":240,"url":"https:\/\/precintalia.com\/wp-content\/uploads\/2025\/06\/kyr1-320x240-1.webp","type":"image\/webp"}],"twitter_card":"summary_large_image","twitter_misc":{"Estimated reading time":"2 minutes"},"schema":{"@context":"https:\/\/schema.org","@graph":[{"@type":"WebPage","@id":"https:\/\/precintalia.com\/marks-for-venison-carcasses-kyr\/","url":"https:\/\/precintalia.com\/marks-for-venison-carcasses-kyr\/","name":"Sello de medidor de seguridad SIBO-ROTO WHITE - Precintalia","isPartOf":{"@id":"https:\/\/precintalia.com\/#website"},"primaryImageOfPage":{"@id":"https:\/\/precintalia.com\/marks-for-venison-carcasses-kyr\/#primaryimage"},"image":{"@id":"https:\/\/precintalia.com\/marks-for-venison-carcasses-kyr\/#primaryimage"},"thumbnailUrl":"https:\/\/precintalia.com\/wp-content\/uploads\/2025\/06\/kyr1-320x240-1.webp","datePublished":"2025-06-16T09:22:01+00:00","dateModified":"2025-12-11T18:48:54+00:00","description":"Precintos KYR ideales para canales de venado. Alta resistencia, seguridad y personalizaci\u00f3n para caza y trazabilidad alimentaria.","breadcrumb":{"@id":"https:\/\/precintalia.com\/marks-for-venison-carcasses-kyr\/#breadcrumb"},"inLanguage":"en-GB","potentialAction":[{"@type":"ReadAction","target":["https:\/\/precintalia.com\/marks-for-venison-carcasses-kyr\/"]}]},{"@type":"ImageObject","inLanguage":"en-GB","@id":"https:\/\/precintalia.com\/marks-for-venison-carcasses-kyr\/#primaryimage","url":"https:\/\/precintalia.com\/wp-content\/uploads\/2025\/06\/kyr1-320x240-1.webp","contentUrl":"https:\/\/precintalia.com\/wp-content\/uploads\/2025\/06\/kyr1-320x240-1.webp","width":320,"height":240,"caption":"Precintos para canales de venado KYR"},{"@type":"BreadcrumbList","@id":"https:\/\/precintalia.com\/marks-for-venison-carcasses-kyr\/#breadcrumb","itemListElement":[{"@type":"ListItem","position":1,"name":"Portada","item":"https:\/\/precintalia.com\/"},{"@type":"ListItem","position":2,"name":"Precintos para canales de venado KYR"}]},{"@type":"WebSite","@id":"https:\/\/precintalia.com\/#website","url":"https:\/\/precintalia.com\/","name":"Precintalia","description":"Security seals","publisher":{"@id":"https:\/\/precintalia.com\/#organization"},"potentialAction":[{"@type":"SearchAction","target":{"@type":"EntryPoint","urlTemplate":"https:\/\/precintalia.com\/?s={search_term_string}"},"query-input":{"@type":"PropertyValueSpecification","valueRequired":true,"valueName":"search_term_string"}}],"inLanguage":"en-GB"},{"@type":"Organization","@id":"https:\/\/precintalia.com\/#organization","name":"Precintalia","url":"https:\/\/precintalia.com\/","logo":{"@type":"ImageObject","inLanguage":"en-GB","@id":"https:\/\/precintalia.com\/#\/schema\/logo\/image\/","url":"https:\/\/precintalia.com\/wp-content\/uploads\/2025\/03\/Logo-Precintalia-azul-PNG.png","contentUrl":"https:\/\/precintalia.com\/wp-content\/uploads\/2025\/03\/Logo-Precintalia-azul-PNG.png","width":500,"height":229,"caption":"Precintalia"},"image":{"@id":"https:\/\/precintalia.com\/#\/schema\/logo\/image\/"}}]}},"_links":{"self":[{"href":"https:\/\/precintalia.com\/en\/wp-json\/wp\/v2\/pages\/1483","targetHints":{"allow":["GET"]}}],"collection":[{"href":"https:\/\/precintalia.com\/en\/wp-json\/wp\/v2\/pages"}],"about":[{"href":"https:\/\/precintalia.com\/en\/wp-json\/wp\/v2\/types\/page"}],"author":[{"embeddable":true,"href":"https:\/\/precintalia.com\/en\/wp-json\/wp\/v2\/users\/1"}],"replies":[{"embeddable":true,"href":"https:\/\/precintalia.com\/en\/wp-json\/wp\/v2\/comments?post=1483"}],"version-history":[{"count":3,"href":"https:\/\/precintalia.com\/en\/wp-json\/wp\/v2\/pages\/1483\/revisions"}],"predecessor-version":[{"id":3989,"href":"https:\/\/precintalia.com\/en\/wp-json\/wp\/v2\/pages\/1483\/revisions\/3989"}],"wp:featuredmedia":[{"embeddable":true,"href":"https:\/\/precintalia.com\/en\/wp-json\/wp\/v2\/media\/1471"}],"wp:attachment":[{"href":"https:\/\/precintalia.com\/en\/wp-json\/wp\/v2\/media?parent=1483"}],"curies":[{"name":"wp","href":"https:\/\/api.w.org\/{rel}","templated":true}]}}