{"id":1465,"date":"2025-06-16T11:06:50","date_gmt":"2025-06-16T09:06:50","guid":{"rendered":"http:\/\/precintalia.com\/?page_id=1465"},"modified":"2025-11-29T18:21:04","modified_gmt":"2025-11-29T17:21:04","slug":"bridas-veterinary-seals-and-marks-carcass-marks","status":"publish","type":"page","link":"https:\/\/precintalia.com\/en\/bridas-veterinary-seals-and-marks-carcass-marks\/","title":{"rendered":"Precintos veterinarios"},"content":{"rendered":"<div data-elementor-type=\"wp-page\" data-elementor-id=\"1465\" class=\"elementor elementor-1465\" data-elementor-post-type=\"page\">\n\t\t\t\t<div class=\"elementor-element elementor-element-1080384 e-flex e-con-boxed e-con e-parent\" data-id=\"1080384\" data-element_type=\"container\" data-settings=\"{&quot;background_background&quot;:&quot;classic&quot;}\">\n\t\t\t\t\t<div class=\"e-con-inner\">\n\t\t<div class=\"elementor-element elementor-element-0f1049e e-con-full e-flex e-con e-child\" data-id=\"0f1049e\" data-element_type=\"container\">\n\t\t\t\t<div class=\"elementor-element elementor-element-9aca590 elementor-widget elementor-widget-heading\" data-id=\"9aca590\" data-element_type=\"widget\" data-widget_type=\"heading.default\">\n\t\t\t\t<div class=\"elementor-widget-container\">\n\t\t\t\t\t<h1 class=\"elementor-heading-title elementor-size-default\">Precintos veterinarios<\/h1>\t\t\t\t<\/div>\n\t\t\t\t<\/div>\n\t\t\t\t<\/div>\n\t\t\t\t\t<\/div>\n\t\t\t\t<\/div>\n\t\t<div class=\"elementor-element elementor-element-7a10807 e-con-full e-flex e-con e-parent\" data-id=\"7a10807\" data-element_type=\"container\">\n\t\t<div class=\"elementor-element elementor-element-f6e07cd e-con-full e-flex e-con e-child\" data-id=\"f6e07cd\" data-element_type=\"container\">\n\t\t\t\t<\/div>\n\t\t<div class=\"elementor-element elementor-element-f5cd94f e-con-full e-flex e-con e-child\" data-id=\"f5cd94f\" data-element_type=\"container\">\n\t\t\t\t<div class=\"elementor-element elementor-element-c2a0396 elementor-position-top elementor-widget elementor-widget-image-box\" data-id=\"c2a0396\" data-element_type=\"widget\" data-widget_type=\"image-box.default\">\n\t\t\t\t<div class=\"elementor-widget-container\">\n\t\t\t\t\t<div class=\"elementor-image-box-wrapper\"><figure class=\"elementor-image-box-img\"><a href=\"https:\/\/precintalia.com\/en\/sibo-bag-hunter\/\" tabindex=\"-1\"><img fetchpriority=\"high\" decoding=\"async\" width=\"320\" height=\"240\" src=\"https:\/\/precintalia.com\/wp-content\/uploads\/2025\/06\/SIBO-BAG-HUNTER_popr2-400x296-1-320x240-1.webp\" class=\"elementor-animation-grow attachment-full size-full wp-image-1468\" alt=\"Precintos veterinarios sibo bag hunter\" srcset=\"https:\/\/precintalia.com\/wp-content\/uploads\/2025\/06\/SIBO-BAG-HUNTER_popr2-400x296-1-320x240-1.webp 320w, https:\/\/precintalia.com\/wp-content\/uploads\/2025\/06\/SIBO-BAG-HUNTER_popr2-400x296-1-320x240-1-300x225.webp 300w\" sizes=\"(max-width: 320px) 100vw, 320px\" \/><\/a><\/figure><div class=\"elementor-image-box-content\"><h3 class=\"elementor-image-box-title\"><a href=\"https:\/\/precintalia.com\/en\/sibo-bag-hunter\/\">Precintos<br>veterinarios<\/a><\/h3><p class=\"elementor-image-box-description\">\u2714 Tiempo de entrega: 7-14 d\u00edas<br>\u2714 Pedido m\u00ednimo: 500 uds<\/p><\/div><\/div>\t\t\t\t<\/div>\n\t\t\t\t<\/div>\n\t\t\t\t<\/div>\n\t\t<div class=\"elementor-element elementor-element-e3fafa3 e-con-full e-flex e-con e-child\" data-id=\"e3fafa3\" data-element_type=\"container\">\n\t\t\t\t<div class=\"elementor-element elementor-element-d10e303 elementor-position-top elementor-widget elementor-widget-image-box\" data-id=\"d10e303\" data-element_type=\"widget\" data-widget_type=\"image-box.default\">\n\t\t\t\t<div class=\"elementor-widget-container\">\n\t\t\t\t\t<div class=\"elementor-image-box-wrapper\"><figure class=\"elementor-image-box-img\"><a href=\"https:\/\/precintalia.com\/en\/marks-for-venison-carcasses-kyr\/\" tabindex=\"-1\"><img decoding=\"async\" width=\"320\" height=\"240\" data-src=\"https:\/\/precintalia.com\/wp-content\/uploads\/2025\/06\/kyr1-320x240-1.webp\" class=\"elementor-animation-grow attachment-full size-full wp-image-1471 lazyload\" alt=\"Precintos para canales de venado KYR\" data-srcset=\"https:\/\/precintalia.com\/wp-content\/uploads\/2025\/06\/kyr1-320x240-1.webp 320w, https:\/\/precintalia.com\/wp-content\/uploads\/2025\/06\/kyr1-320x240-1-300x225.webp 300w\" data-sizes=\"(max-width: 320px) 100vw, 320px\" src=\"data:image\/svg+xml;base64,PHN2ZyB3aWR0aD0iMSIgaGVpZ2h0PSIxIiB4bWxucz0iaHR0cDovL3d3dy53My5vcmcvMjAwMC9zdmciPjwvc3ZnPg==\" style=\"--smush-placeholder-width: 320px; --smush-placeholder-aspect-ratio: 320\/240;\" \/><\/a><\/figure><div class=\"elementor-image-box-content\"><h3 class=\"elementor-image-box-title\"><a href=\"https:\/\/precintalia.com\/en\/marks-for-venison-carcasses-kyr\/\">Precintos canales de venado KYR<\/a><\/h3><p class=\"elementor-image-box-description\">\u2714 Tiempo de entrega: 7-14 d\u00edas<br>\u2714 Pedido m\u00ednimo: 500 uds<\/p><\/div><\/div>\t\t\t\t<\/div>\n\t\t\t\t<\/div>\n\t\t\t\t<\/div>\n\t\t<div class=\"elementor-element elementor-element-b3208f3 e-con-full e-flex e-con e-child\" data-id=\"b3208f3\" data-element_type=\"container\">\n\t\t\t\t<\/div>\n\t\t\t\t<\/div>\n\t\t\t\t<\/div>","protected":false},"excerpt":{"rendered":"<p>Precintos veterinarios Precintosveterinarios \u2714 Tiempo de entrega: 7-14 d\u00edas\u2714 Pedido m\u00ednimo: 500 uds Precintos canales de venado KYR \u2714 Tiempo de entrega: 7-14 d\u00edas\u2714 Pedido m\u00ednimo: 500 uds<\/p>","protected":false},"author":1,"featured_media":1466,"parent":0,"menu_order":0,"comment_status":"closed","ping_status":"closed","template":"elementor_header_footer","meta":{"footnotes":""},"class_list":["post-1465","page","type-page","status-publish","has-post-thumbnail","hentry"],"yoast_head":"<!-- This site is optimized with the Yoast SEO plugin v26.5 - https:\/\/yoast.com\/wordpress\/plugins\/seo\/ -->\n<title>Precintos veterinarios - Precintalia<\/title>\n<meta name=\"description\" content=\"Precintos veterinarios para identificaci\u00f3n de animales. Resistentes, seguros y personalizables para uso en ganader\u00eda, zool\u00f3gicos y m\u00e1s.\" \/>\n<meta name=\"robots\" content=\"index, follow, max-snippet:-1, max-image-preview:large, max-video-preview:-1\" \/>\n<link rel=\"canonical\" href=\"https:\/\/precintalia.com\/en\/bridas-veterinary-seals-and-marks-carcass-marks\/\" \/>\n<meta property=\"og:locale\" content=\"en_GB\" \/>\n<meta property=\"og:type\" content=\"article\" \/>\n<meta property=\"og:title\" content=\"Precintos veterinarios - Precintalia\" \/>\n<meta property=\"og:description\" content=\"Precintos veterinarios para identificaci\u00f3n de animales. Resistentes, seguros y personalizables para uso en ganader\u00eda, zool\u00f3gicos y m\u00e1s.\" \/>\n<meta property=\"og:url\" content=\"https:\/\/precintalia.com\/en\/bridas-veterinary-seals-and-marks-carcass-marks\/\" \/>\n<meta property=\"og:site_name\" content=\"Precintalia\" \/>\n<meta property=\"article:modified_time\" content=\"2025-11-29T17:21:04+00:00\" \/>\n<meta property=\"og:image\" content=\"https:\/\/precintalia.com\/wp-content\/uploads\/2025\/06\/plomby-i-znaki-weterynaryjne.webp\" \/>\n\t<meta property=\"og:image:width\" content=\"800\" \/>\n\t<meta property=\"og:image:height\" content=\"544\" \/>\n\t<meta property=\"og:image:type\" content=\"image\/webp\" \/>\n<meta name=\"twitter:card\" content=\"summary_large_image\" \/>\n<meta name=\"twitter:label1\" content=\"Estimated reading time\" \/>\n\t<meta name=\"twitter:data1\" content=\"1 minute\" \/>\n<script type=\"application\/ld+json\" class=\"yoast-schema-graph\">{\"@context\":\"https:\/\/schema.org\",\"@graph\":[{\"@type\":\"WebPage\",\"@id\":\"https:\/\/precintalia.com\/bridas-veterinary-seals-and-marks-carcass-marks\/\",\"url\":\"https:\/\/precintalia.com\/bridas-veterinary-seals-and-marks-carcass-marks\/\",\"name\":\"Precintos veterinarios - Precintalia\",\"isPartOf\":{\"@id\":\"https:\/\/precintalia.com\/#website\"},\"primaryImageOfPage\":{\"@id\":\"https:\/\/precintalia.com\/bridas-veterinary-seals-and-marks-carcass-marks\/#primaryimage\"},\"image\":{\"@id\":\"https:\/\/precintalia.com\/bridas-veterinary-seals-and-marks-carcass-marks\/#primaryimage\"},\"thumbnailUrl\":\"https:\/\/precintalia.com\/wp-content\/uploads\/2025\/06\/plomby-i-znaki-weterynaryjne.webp\",\"datePublished\":\"2025-06-16T09:06:50+00:00\",\"dateModified\":\"2025-11-29T17:21:04+00:00\",\"description\":\"Precintos veterinarios para identificaci\u00f3n de animales. Resistentes, seguros y personalizables para uso en ganader\u00eda, zool\u00f3gicos y m\u00e1s.\",\"breadcrumb\":{\"@id\":\"https:\/\/precintalia.com\/bridas-veterinary-seals-and-marks-carcass-marks\/#breadcrumb\"},\"inLanguage\":\"en-GB\",\"potentialAction\":[{\"@type\":\"ReadAction\",\"target\":[\"https:\/\/precintalia.com\/bridas-veterinary-seals-and-marks-carcass-marks\/\"]}]},{\"@type\":\"ImageObject\",\"inLanguage\":\"en-GB\",\"@id\":\"https:\/\/precintalia.com\/bridas-veterinary-seals-and-marks-carcass-marks\/#primaryimage\",\"url\":\"https:\/\/precintalia.com\/wp-content\/uploads\/2025\/06\/plomby-i-znaki-weterynaryjne.webp\",\"contentUrl\":\"https:\/\/precintalia.com\/wp-content\/uploads\/2025\/06\/plomby-i-znaki-weterynaryjne.webp\",\"width\":800,\"height\":544,\"caption\":\"Precintos veterinarios para empresas al por mayor\"},{\"@type\":\"BreadcrumbList\",\"@id\":\"https:\/\/precintalia.com\/bridas-veterinary-seals-and-marks-carcass-marks\/#breadcrumb\",\"itemListElement\":[{\"@type\":\"ListItem\",\"position\":1,\"name\":\"Portada\",\"item\":\"https:\/\/precintalia.com\/\"},{\"@type\":\"ListItem\",\"position\":2,\"name\":\"Precintos veterinarios\"}]},{\"@type\":\"WebSite\",\"@id\":\"https:\/\/precintalia.com\/#website\",\"url\":\"https:\/\/precintalia.com\/\",\"name\":\"Precintalia\",\"description\":\"Precintos de seguridad\",\"publisher\":{\"@id\":\"https:\/\/precintalia.com\/#organization\"},\"potentialAction\":[{\"@type\":\"SearchAction\",\"target\":{\"@type\":\"EntryPoint\",\"urlTemplate\":\"https:\/\/precintalia.com\/?s={search_term_string}\"},\"query-input\":{\"@type\":\"PropertyValueSpecification\",\"valueRequired\":true,\"valueName\":\"search_term_string\"}}],\"inLanguage\":\"en-GB\"},{\"@type\":\"Organization\",\"@id\":\"https:\/\/precintalia.com\/#organization\",\"name\":\"Precintalia\",\"url\":\"https:\/\/precintalia.com\/\",\"logo\":{\"@type\":\"ImageObject\",\"inLanguage\":\"en-GB\",\"@id\":\"https:\/\/precintalia.com\/#\/schema\/logo\/image\/\",\"url\":\"https:\/\/precintalia.com\/wp-content\/uploads\/2025\/03\/Logo-Precintalia-azul-PNG.png\",\"contentUrl\":\"https:\/\/precintalia.com\/wp-content\/uploads\/2025\/03\/Logo-Precintalia-azul-PNG.png\",\"width\":500,\"height\":229,\"caption\":\"Precintalia\"},\"image\":{\"@id\":\"https:\/\/precintalia.com\/#\/schema\/logo\/image\/\"}}]}<\/script>\n<!-- \/ Yoast SEO plugin. -->","yoast_head_json":{"title":"Precintos veterinarios - Precintalia","description":"Precintos veterinarios para identificaci\u00f3n de animales. Resistentes, seguros y personalizables para uso en ganader\u00eda, zool\u00f3gicos y m\u00e1s.","robots":{"index":"index","follow":"follow","max-snippet":"max-snippet:-1","max-image-preview":"max-image-preview:large","max-video-preview":"max-video-preview:-1"},"canonical":"https:\/\/precintalia.com\/en\/bridas-veterinary-seals-and-marks-carcass-marks\/","og_locale":"en_GB","og_type":"article","og_title":"Precintos veterinarios - Precintalia","og_description":"Precintos veterinarios para identificaci\u00f3n de animales. Resistentes, seguros y personalizables para uso en ganader\u00eda, zool\u00f3gicos y m\u00e1s.","og_url":"https:\/\/precintalia.com\/en\/bridas-veterinary-seals-and-marks-carcass-marks\/","og_site_name":"Precintalia","article_modified_time":"2025-11-29T17:21:04+00:00","og_image":[{"width":800,"height":544,"url":"https:\/\/precintalia.com\/wp-content\/uploads\/2025\/06\/plomby-i-znaki-weterynaryjne.webp","type":"image\/webp"}],"twitter_card":"summary_large_image","twitter_misc":{"Estimated reading time":"1 minute"},"schema":{"@context":"https:\/\/schema.org","@graph":[{"@type":"WebPage","@id":"https:\/\/precintalia.com\/bridas-veterinary-seals-and-marks-carcass-marks\/","url":"https:\/\/precintalia.com\/bridas-veterinary-seals-and-marks-carcass-marks\/","name":"Precintos veterinarios - Precintalia","isPartOf":{"@id":"https:\/\/precintalia.com\/#website"},"primaryImageOfPage":{"@id":"https:\/\/precintalia.com\/bridas-veterinary-seals-and-marks-carcass-marks\/#primaryimage"},"image":{"@id":"https:\/\/precintalia.com\/bridas-veterinary-seals-and-marks-carcass-marks\/#primaryimage"},"thumbnailUrl":"https:\/\/precintalia.com\/wp-content\/uploads\/2025\/06\/plomby-i-znaki-weterynaryjne.webp","datePublished":"2025-06-16T09:06:50+00:00","dateModified":"2025-11-29T17:21:04+00:00","description":"Precintos veterinarios para identificaci\u00f3n de animales. Resistentes, seguros y personalizables para uso en ganader\u00eda, zool\u00f3gicos y m\u00e1s.","breadcrumb":{"@id":"https:\/\/precintalia.com\/bridas-veterinary-seals-and-marks-carcass-marks\/#breadcrumb"},"inLanguage":"en-GB","potentialAction":[{"@type":"ReadAction","target":["https:\/\/precintalia.com\/bridas-veterinary-seals-and-marks-carcass-marks\/"]}]},{"@type":"ImageObject","inLanguage":"en-GB","@id":"https:\/\/precintalia.com\/bridas-veterinary-seals-and-marks-carcass-marks\/#primaryimage","url":"https:\/\/precintalia.com\/wp-content\/uploads\/2025\/06\/plomby-i-znaki-weterynaryjne.webp","contentUrl":"https:\/\/precintalia.com\/wp-content\/uploads\/2025\/06\/plomby-i-znaki-weterynaryjne.webp","width":800,"height":544,"caption":"Precintos veterinarios para empresas al por mayor"},{"@type":"BreadcrumbList","@id":"https:\/\/precintalia.com\/bridas-veterinary-seals-and-marks-carcass-marks\/#breadcrumb","itemListElement":[{"@type":"ListItem","position":1,"name":"Portada","item":"https:\/\/precintalia.com\/"},{"@type":"ListItem","position":2,"name":"Precintos veterinarios"}]},{"@type":"WebSite","@id":"https:\/\/precintalia.com\/#website","url":"https:\/\/precintalia.com\/","name":"Precintalia","description":"Security seals","publisher":{"@id":"https:\/\/precintalia.com\/#organization"},"potentialAction":[{"@type":"SearchAction","target":{"@type":"EntryPoint","urlTemplate":"https:\/\/precintalia.com\/?s={search_term_string}"},"query-input":{"@type":"PropertyValueSpecification","valueRequired":true,"valueName":"search_term_string"}}],"inLanguage":"en-GB"},{"@type":"Organization","@id":"https:\/\/precintalia.com\/#organization","name":"Precintalia","url":"https:\/\/precintalia.com\/","logo":{"@type":"ImageObject","inLanguage":"en-GB","@id":"https:\/\/precintalia.com\/#\/schema\/logo\/image\/","url":"https:\/\/precintalia.com\/wp-content\/uploads\/2025\/03\/Logo-Precintalia-azul-PNG.png","contentUrl":"https:\/\/precintalia.com\/wp-content\/uploads\/2025\/03\/Logo-Precintalia-azul-PNG.png","width":500,"height":229,"caption":"Precintalia"},"image":{"@id":"https:\/\/precintalia.com\/#\/schema\/logo\/image\/"}}]}},"_links":{"self":[{"href":"https:\/\/precintalia.com\/en\/wp-json\/wp\/v2\/pages\/1465","targetHints":{"allow":["GET"]}}],"collection":[{"href":"https:\/\/precintalia.com\/en\/wp-json\/wp\/v2\/pages"}],"about":[{"href":"https:\/\/precintalia.com\/en\/wp-json\/wp\/v2\/types\/page"}],"author":[{"embeddable":true,"href":"https:\/\/precintalia.com\/en\/wp-json\/wp\/v2\/users\/1"}],"replies":[{"embeddable":true,"href":"https:\/\/precintalia.com\/en\/wp-json\/wp\/v2\/comments?post=1465"}],"version-history":[{"count":0,"href":"https:\/\/precintalia.com\/en\/wp-json\/wp\/v2\/pages\/1465\/revisions"}],"wp:featuredmedia":[{"embeddable":true,"href":"https:\/\/precintalia.com\/en\/wp-json\/wp\/v2\/media\/1466"}],"wp:attachment":[{"href":"https:\/\/precintalia.com\/en\/wp-json\/wp\/v2\/media?parent=1465"}],"curies":[{"name":"wp","href":"https:\/\/api.w.org\/{rel}","templated":true}]}}