{"id":145,"date":"2025-03-24T11:38:53","date_gmt":"2025-03-24T10:38:53","guid":{"rendered":"http:\/\/precintalia.com\/?page_id=145"},"modified":"2025-03-24T12:48:35","modified_gmt":"2025-03-24T11:48:35","slug":"envios-y-entregas","status":"publish","type":"page","link":"https:\/\/precintalia.com\/en\/envios-y-entregas\/","title":{"rendered":"Env\u00edos y entregas"},"content":{"rendered":"<p>LOGOBAND ESPA\u00d1A, se encarga del env\u00edo y de forma totalmente GRATUITA a cualquier<br>lugar de la pen\u00ednsula. Trabajamos con las mejores agencias de transportes. Solemos<br>disponer de tres tipos de plazos de entrega, escoge el que m\u00e1s encaje en sus<br>necesidades.<\/p>","protected":false},"excerpt":{"rendered":"<p>LOGOBAND ESPA\u00d1A, se encarga del env\u00edo y de forma totalmente GRATUITA a cualquierlugar de la pen\u00ednsula. Trabajamos con las mejores agencias de transportes. Solemosdisponer de tres tipos de plazos de entrega, escoge el que m\u00e1s encaje en susnecesidades.<\/p>","protected":false},"author":1,"featured_media":0,"parent":0,"menu_order":0,"comment_status":"closed","ping_status":"closed","template":"","meta":{"footnotes":""},"class_list":["post-145","page","type-page","status-publish","hentry"],"yoast_head":"<!-- This site is optimized with the Yoast SEO plugin v26.5 - https:\/\/yoast.com\/wordpress\/plugins\/seo\/ -->\n<title>Env\u00edos y entregas - Precintalia<\/title>\n<meta name=\"robots\" content=\"index, follow, max-snippet:-1, max-image-preview:large, max-video-preview:-1\" \/>\n<link rel=\"canonical\" href=\"https:\/\/precintalia.com\/en\/envios-y-entregas\/\" \/>\n<meta property=\"og:locale\" content=\"en_GB\" \/>\n<meta property=\"og:type\" content=\"article\" \/>\n<meta property=\"og:title\" content=\"Env\u00edos y entregas - Precintalia\" \/>\n<meta property=\"og:description\" content=\"LOGOBAND ESPA\u00d1A, se encarga del env\u00edo y de forma totalmente GRATUITA a cualquierlugar de la pen\u00ednsula. Trabajamos con las mejores agencias de transportes. Solemosdisponer de tres tipos de plazos de entrega, escoge el que m\u00e1s encaje en susnecesidades.\" \/>\n<meta property=\"og:url\" content=\"https:\/\/precintalia.com\/en\/envios-y-entregas\/\" \/>\n<meta property=\"og:site_name\" content=\"Precintalia\" \/>\n<meta property=\"article:modified_time\" content=\"2025-03-24T11:48:35+00:00\" \/>\n<meta name=\"twitter:card\" content=\"summary_large_image\" \/>\n<meta name=\"twitter:label1\" content=\"Estimated reading time\" \/>\n\t<meta name=\"twitter:data1\" content=\"1 minute\" \/>\n<script type=\"application\/ld+json\" class=\"yoast-schema-graph\">{\"@context\":\"https:\/\/schema.org\",\"@graph\":[{\"@type\":\"WebPage\",\"@id\":\"https:\/\/precintalia.com\/envios-y-entregas\/\",\"url\":\"https:\/\/precintalia.com\/envios-y-entregas\/\",\"name\":\"Env\u00edos y entregas - Precintalia\",\"isPartOf\":{\"@id\":\"https:\/\/precintalia.com\/#website\"},\"datePublished\":\"2025-03-24T10:38:53+00:00\",\"dateModified\":\"2025-03-24T11:48:35+00:00\",\"breadcrumb\":{\"@id\":\"https:\/\/precintalia.com\/envios-y-entregas\/#breadcrumb\"},\"inLanguage\":\"en-GB\",\"potentialAction\":[{\"@type\":\"ReadAction\",\"target\":[\"https:\/\/precintalia.com\/envios-y-entregas\/\"]}]},{\"@type\":\"BreadcrumbList\",\"@id\":\"https:\/\/precintalia.com\/envios-y-entregas\/#breadcrumb\",\"itemListElement\":[{\"@type\":\"ListItem\",\"position\":1,\"name\":\"Portada\",\"item\":\"https:\/\/precintalia.com\/\"},{\"@type\":\"ListItem\",\"position\":2,\"name\":\"Env\u00edos y entregas\"}]},{\"@type\":\"WebSite\",\"@id\":\"https:\/\/precintalia.com\/#website\",\"url\":\"https:\/\/precintalia.com\/\",\"name\":\"Precintalia\",\"description\":\"Precintos de seguridad\",\"publisher\":{\"@id\":\"https:\/\/precintalia.com\/#organization\"},\"potentialAction\":[{\"@type\":\"SearchAction\",\"target\":{\"@type\":\"EntryPoint\",\"urlTemplate\":\"https:\/\/precintalia.com\/?s={search_term_string}\"},\"query-input\":{\"@type\":\"PropertyValueSpecification\",\"valueRequired\":true,\"valueName\":\"search_term_string\"}}],\"inLanguage\":\"en-GB\"},{\"@type\":\"Organization\",\"@id\":\"https:\/\/precintalia.com\/#organization\",\"name\":\"Precintalia\",\"url\":\"https:\/\/precintalia.com\/\",\"logo\":{\"@type\":\"ImageObject\",\"inLanguage\":\"en-GB\",\"@id\":\"https:\/\/precintalia.com\/#\/schema\/logo\/image\/\",\"url\":\"https:\/\/precintalia.com\/wp-content\/uploads\/2025\/03\/Logo-Precintalia-azul-PNG.png\",\"contentUrl\":\"https:\/\/precintalia.com\/wp-content\/uploads\/2025\/03\/Logo-Precintalia-azul-PNG.png\",\"width\":500,\"height\":229,\"caption\":\"Precintalia\"},\"image\":{\"@id\":\"https:\/\/precintalia.com\/#\/schema\/logo\/image\/\"}}]}<\/script>\n<!-- \/ Yoast SEO plugin. -->","yoast_head_json":{"title":"Env\u00edos y entregas - Precintalia","robots":{"index":"index","follow":"follow","max-snippet":"max-snippet:-1","max-image-preview":"max-image-preview:large","max-video-preview":"max-video-preview:-1"},"canonical":"https:\/\/precintalia.com\/en\/envios-y-entregas\/","og_locale":"en_GB","og_type":"article","og_title":"Env\u00edos y entregas - Precintalia","og_description":"LOGOBAND ESPA\u00d1A, se encarga del env\u00edo y de forma totalmente GRATUITA a cualquierlugar de la pen\u00ednsula. Trabajamos con las mejores agencias de transportes. Solemosdisponer de tres tipos de plazos de entrega, escoge el que m\u00e1s encaje en susnecesidades.","og_url":"https:\/\/precintalia.com\/en\/envios-y-entregas\/","og_site_name":"Precintalia","article_modified_time":"2025-03-24T11:48:35+00:00","twitter_card":"summary_large_image","twitter_misc":{"Estimated reading time":"1 minute"},"schema":{"@context":"https:\/\/schema.org","@graph":[{"@type":"WebPage","@id":"https:\/\/precintalia.com\/envios-y-entregas\/","url":"https:\/\/precintalia.com\/envios-y-entregas\/","name":"Env\u00edos y entregas - Precintalia","isPartOf":{"@id":"https:\/\/precintalia.com\/#website"},"datePublished":"2025-03-24T10:38:53+00:00","dateModified":"2025-03-24T11:48:35+00:00","breadcrumb":{"@id":"https:\/\/precintalia.com\/envios-y-entregas\/#breadcrumb"},"inLanguage":"en-GB","potentialAction":[{"@type":"ReadAction","target":["https:\/\/precintalia.com\/envios-y-entregas\/"]}]},{"@type":"BreadcrumbList","@id":"https:\/\/precintalia.com\/envios-y-entregas\/#breadcrumb","itemListElement":[{"@type":"ListItem","position":1,"name":"Portada","item":"https:\/\/precintalia.com\/"},{"@type":"ListItem","position":2,"name":"Env\u00edos y entregas"}]},{"@type":"WebSite","@id":"https:\/\/precintalia.com\/#website","url":"https:\/\/precintalia.com\/","name":"Precintalia","description":"Security seals","publisher":{"@id":"https:\/\/precintalia.com\/#organization"},"potentialAction":[{"@type":"SearchAction","target":{"@type":"EntryPoint","urlTemplate":"https:\/\/precintalia.com\/?s={search_term_string}"},"query-input":{"@type":"PropertyValueSpecification","valueRequired":true,"valueName":"search_term_string"}}],"inLanguage":"en-GB"},{"@type":"Organization","@id":"https:\/\/precintalia.com\/#organization","name":"Precintalia","url":"https:\/\/precintalia.com\/","logo":{"@type":"ImageObject","inLanguage":"en-GB","@id":"https:\/\/precintalia.com\/#\/schema\/logo\/image\/","url":"https:\/\/precintalia.com\/wp-content\/uploads\/2025\/03\/Logo-Precintalia-azul-PNG.png","contentUrl":"https:\/\/precintalia.com\/wp-content\/uploads\/2025\/03\/Logo-Precintalia-azul-PNG.png","width":500,"height":229,"caption":"Precintalia"},"image":{"@id":"https:\/\/precintalia.com\/#\/schema\/logo\/image\/"}}]}},"_links":{"self":[{"href":"https:\/\/precintalia.com\/en\/wp-json\/wp\/v2\/pages\/145","targetHints":{"allow":["GET"]}}],"collection":[{"href":"https:\/\/precintalia.com\/en\/wp-json\/wp\/v2\/pages"}],"about":[{"href":"https:\/\/precintalia.com\/en\/wp-json\/wp\/v2\/types\/page"}],"author":[{"embeddable":true,"href":"https:\/\/precintalia.com\/en\/wp-json\/wp\/v2\/users\/1"}],"replies":[{"embeddable":true,"href":"https:\/\/precintalia.com\/en\/wp-json\/wp\/v2\/comments?post=145"}],"version-history":[{"count":0,"href":"https:\/\/precintalia.com\/en\/wp-json\/wp\/v2\/pages\/145\/revisions"}],"wp:attachment":[{"href":"https:\/\/precintalia.com\/en\/wp-json\/wp\/v2\/media?parent=145"}],"curies":[{"name":"wp","href":"https:\/\/api.w.org\/{rel}","templated":true}]}}