{"id":1419,"date":"2025-06-14T16:33:48","date_gmt":"2025-06-14T14:33:48","guid":{"rendered":"http:\/\/precintalia.com\/?page_id=1419"},"modified":"2025-11-29T18:33:13","modified_gmt":"2025-11-29T17:33:13","slug":"bridas-cylinder-seals","status":"publish","type":"page","link":"https:\/\/precintalia.com\/en\/bridas-cylinder-seals\/","title":{"rendered":"Precintos cil\u00edndricos"},"content":{"rendered":"<div data-elementor-type=\"wp-page\" data-elementor-id=\"1419\" class=\"elementor elementor-1419\" data-elementor-post-type=\"page\">\n\t\t\t\t<div class=\"elementor-element elementor-element-1080384 e-flex e-con-boxed e-con e-parent\" data-id=\"1080384\" data-element_type=\"container\" data-settings=\"{&quot;background_background&quot;:&quot;classic&quot;}\">\n\t\t\t\t\t<div class=\"e-con-inner\">\n\t\t<div class=\"elementor-element elementor-element-0f1049e e-con-full e-flex e-con e-child\" data-id=\"0f1049e\" data-element_type=\"container\">\n\t\t\t\t<div class=\"elementor-element elementor-element-9aca590 elementor-widget elementor-widget-heading\" data-id=\"9aca590\" data-element_type=\"widget\" data-widget_type=\"heading.default\">\n\t\t\t\t<div class=\"elementor-widget-container\">\n\t\t\t\t\t<h1 class=\"elementor-heading-title elementor-size-default\">Precintos cil\u00edndricos<\/h1>\t\t\t\t<\/div>\n\t\t\t\t<\/div>\n\t\t\t\t<\/div>\n\t\t\t\t\t<\/div>\n\t\t\t\t<\/div>\n\t\t<div class=\"elementor-element elementor-element-7a10807 e-con-full e-flex e-con e-parent\" data-id=\"7a10807\" data-element_type=\"container\">\n\t\t<div class=\"elementor-element elementor-element-f6e07cd e-con-full e-flex e-con e-child\" data-id=\"f6e07cd\" data-element_type=\"container\">\n\t\t\t\t<div class=\"elementor-element elementor-element-699c20b elementor-position-top elementor-widget elementor-widget-image-box\" data-id=\"699c20b\" data-element_type=\"widget\" data-widget_type=\"image-box.default\">\n\t\t\t\t<div class=\"elementor-widget-container\">\n\t\t\t\t\t<div class=\"elementor-image-box-wrapper\"><figure class=\"elementor-image-box-img\"><a href=\"https:\/\/precintalia.com\/en\/sibo-roto-security-seal-with-rolled-up-steel-wire\/\" tabindex=\"-1\"><img fetchpriority=\"high\" decoding=\"async\" width=\"1024\" height=\"762\" src=\"https:\/\/precintalia.com\/wp-content\/uploads\/2025\/06\/string_x.webp\" class=\"elementor-animation-grow attachment-full size-full wp-image-1422\" alt=\"Precinto de seguridad cil\u00edndrico\" srcset=\"https:\/\/precintalia.com\/wp-content\/uploads\/2025\/06\/string_x.webp 1024w, https:\/\/precintalia.com\/wp-content\/uploads\/2025\/06\/string_x-300x223.webp 300w, https:\/\/precintalia.com\/wp-content\/uploads\/2025\/06\/string_x-768x572.webp 768w\" sizes=\"(max-width: 1024px) 100vw, 1024px\" \/><\/a><\/figure><div class=\"elementor-image-box-content\"><h3 class=\"elementor-image-box-title\"><a href=\"https:\/\/precintalia.com\/en\/sibo-roto-security-seal-with-rolled-up-steel-wire\/\">SIBO-ROTO con alambre de acero enrollado<\/a><\/h3><p class=\"elementor-image-box-description\">\u2714 Tiempo de entrega: 7-14 d\u00edas<br>\u2714 Pedido m\u00ednimo: 500 uds<\/p><\/div><\/div>\t\t\t\t<\/div>\n\t\t\t\t<\/div>\n\t\t\t\t<\/div>\n\t\t<div class=\"elementor-element elementor-element-f5cd94f e-con-full e-flex e-con e-child\" data-id=\"f5cd94f\" data-element_type=\"container\">\n\t\t\t\t<div class=\"elementor-element elementor-element-c2a0396 elementor-position-top elementor-widget elementor-widget-image-box\" data-id=\"c2a0396\" data-element_type=\"widget\" data-widget_type=\"image-box.default\">\n\t\t\t\t<div class=\"elementor-widget-container\">\n\t\t\t\t\t<div class=\"elementor-image-box-wrapper\"><figure class=\"elementor-image-box-img\"><a href=\"https:\/\/precintalia.com\/en\/sibo-roto-meter-seal-white\/\" tabindex=\"-1\"><img decoding=\"async\" width=\"500\" height=\"334\" data-src=\"https:\/\/precintalia.com\/wp-content\/uploads\/2025\/06\/plomba-SIBO-ROTO-WHITE-0.webp\" class=\"elementor-animation-grow attachment-full size-full wp-image-1423 lazyload\" alt=\"\" data-srcset=\"https:\/\/precintalia.com\/wp-content\/uploads\/2025\/06\/plomba-SIBO-ROTO-WHITE-0.webp 500w, https:\/\/precintalia.com\/wp-content\/uploads\/2025\/06\/plomba-SIBO-ROTO-WHITE-0-300x200.webp 300w\" data-sizes=\"(max-width: 500px) 100vw, 500px\" src=\"data:image\/svg+xml;base64,PHN2ZyB3aWR0aD0iMSIgaGVpZ2h0PSIxIiB4bWxucz0iaHR0cDovL3d3dy53My5vcmcvMjAwMC9zdmciPjwvc3ZnPg==\" style=\"--smush-placeholder-width: 500px; --smush-placeholder-aspect-ratio: 500\/334;\" \/><\/a><\/figure><div class=\"elementor-image-box-content\"><h3 class=\"elementor-image-box-title\"><a href=\"https:\/\/precintalia.com\/en\/sibo-roto-meter-seal-white\/\">Sello medidor de seguridad SIBO-ROTO WHITE<\/a><\/h3><p class=\"elementor-image-box-description\">\u2714 Tiempo de entrega: 7-14 d\u00edas<br>\u2714 Pedido m\u00ednimo: 500 uds<\/p><\/div><\/div>\t\t\t\t<\/div>\n\t\t\t\t<\/div>\n\t\t\t\t<\/div>\n\t\t<div class=\"elementor-element elementor-element-e3fafa3 e-con-full e-flex e-con e-child\" data-id=\"e3fafa3\" data-element_type=\"container\">\n\t\t\t\t<div class=\"elementor-element elementor-element-d10e303 elementor-position-top elementor-widget elementor-widget-image-box\" data-id=\"d10e303\" data-element_type=\"widget\" data-widget_type=\"image-box.default\">\n\t\t\t\t<div class=\"elementor-widget-container\">\n\t\t\t\t\t<div class=\"elementor-image-box-wrapper\"><figure class=\"elementor-image-box-img\"><a href=\"https:\/\/precintalia.com\/en\/sibo-roto-meter-seal\/\" tabindex=\"-1\"><img decoding=\"async\" width=\"749\" height=\"500\" data-src=\"https:\/\/precintalia.com\/wp-content\/uploads\/2025\/06\/ROTOR05_00.webp\" class=\"elementor-animation-grow attachment-full size-full wp-image-1425 lazyload\" alt=\"Sello de medidor de seguridad SIBO-ROTO\" data-srcset=\"https:\/\/precintalia.com\/wp-content\/uploads\/2025\/06\/ROTOR05_00.webp 749w, https:\/\/precintalia.com\/wp-content\/uploads\/2025\/06\/ROTOR05_00-300x200.webp 300w\" data-sizes=\"(max-width: 749px) 100vw, 749px\" src=\"data:image\/svg+xml;base64,PHN2ZyB3aWR0aD0iMSIgaGVpZ2h0PSIxIiB4bWxucz0iaHR0cDovL3d3dy53My5vcmcvMjAwMC9zdmciPjwvc3ZnPg==\" style=\"--smush-placeholder-width: 749px; --smush-placeholder-aspect-ratio: 749\/500;\" \/><\/a><\/figure><div class=\"elementor-image-box-content\"><h3 class=\"elementor-image-box-title\"><a href=\"https:\/\/precintalia.com\/en\/sibo-roto-meter-seal\/\">Sello de medidor de seguridad SIBO-ROTO<br><\/a><\/h3><p class=\"elementor-image-box-description\">\u2714 Tiempo de entrega: 7-14 d\u00edas<br>\u2714 Pedido m\u00ednimo: 500 uds<\/p><\/div><\/div>\t\t\t\t<\/div>\n\t\t\t\t<\/div>\n\t\t\t\t<\/div>\n\t\t<div class=\"elementor-element elementor-element-b3208f3 e-con-full e-flex e-con e-child\" data-id=\"b3208f3\" data-element_type=\"container\">\n\t\t\t\t<div class=\"elementor-element elementor-element-71fd688 elementor-position-top elementor-widget elementor-widget-image-box\" data-id=\"71fd688\" data-element_type=\"widget\" data-widget_type=\"image-box.default\">\n\t\t\t\t<div class=\"elementor-widget-container\">\n\t\t\t\t\t<div class=\"elementor-image-box-wrapper\"><figure class=\"elementor-image-box-img\"><a href=\"https:\/\/precintalia.com\/en\/string-600-sealing-wire\/\" tabindex=\"-1\"><img decoding=\"async\" width=\"320\" height=\"240\" data-src=\"https:\/\/precintalia.com\/wp-content\/uploads\/2025\/06\/STRING_600_0-320x240-1.webp\" class=\"elementor-animation-grow attachment-full size-full wp-image-1426 lazyload\" alt=\"Alambre de acero inoxidable STRING 600\" data-srcset=\"https:\/\/precintalia.com\/wp-content\/uploads\/2025\/06\/STRING_600_0-320x240-1.webp 320w, https:\/\/precintalia.com\/wp-content\/uploads\/2025\/06\/STRING_600_0-320x240-1-300x225.webp 300w\" data-sizes=\"(max-width: 320px) 100vw, 320px\" src=\"data:image\/svg+xml;base64,PHN2ZyB3aWR0aD0iMSIgaGVpZ2h0PSIxIiB4bWxucz0iaHR0cDovL3d3dy53My5vcmcvMjAwMC9zdmciPjwvc3ZnPg==\" style=\"--smush-placeholder-width: 320px; --smush-placeholder-aspect-ratio: 320\/240;\" \/><\/a><\/figure><div class=\"elementor-image-box-content\"><h3 class=\"elementor-image-box-title\"><a href=\"https:\/\/precintalia.com\/en\/string-600-sealing-wire\/\">Alambre de acero inoxidable STRING 600<\/a><\/h3><p class=\"elementor-image-box-description\">\u2714 Tiempo de entrega: 7-14 d\u00edas<br>\u2714 Pedido m\u00ednimo: 500 uds<\/p><\/div><\/div>\t\t\t\t<\/div>\n\t\t\t\t<\/div>\n\t\t\t\t<\/div>\n\t\t\t\t<\/div>\n\t\t\t\t<\/div>","protected":false},"excerpt":{"rendered":"<p>Precintos cil\u00edndricos SIBO-ROTO con alambre de acero enrollado \u2714 Tiempo de entrega: 7-14 d\u00edas\u2714 Pedido m\u00ednimo: 500 uds Sello medidor de seguridad SIBO-ROTO WHITE \u2714 Tiempo de entrega: 7-14 d\u00edas\u2714 Pedido m\u00ednimo: 500 uds Sello de medidor de seguridad SIBO-ROTO \u2714 Tiempo de entrega: 7-14 d\u00edas\u2714 Pedido m\u00ednimo: 500 uds Alambre de acero inoxidable STRING [&hellip;]<\/p>","protected":false},"author":1,"featured_media":1420,"parent":0,"menu_order":0,"comment_status":"closed","ping_status":"closed","template":"elementor_header_footer","meta":{"footnotes":""},"class_list":["post-1419","page","type-page","status-publish","has-post-thumbnail","hentry"],"yoast_head":"<!-- This site is optimized with the Yoast SEO plugin v26.5 - https:\/\/yoast.com\/wordpress\/plugins\/seo\/ -->\n<title>Precintos cil\u00edndricos - Precintalia<\/title>\n<meta name=\"description\" content=\"Precintos cil\u00edndricos personalizados para m\u00e1xima seguridad. Uso en contadores, log\u00edstica y precintos de garant\u00eda inviolables.\" \/>\n<meta name=\"robots\" content=\"index, follow, max-snippet:-1, max-image-preview:large, max-video-preview:-1\" \/>\n<link rel=\"canonical\" href=\"https:\/\/precintalia.com\/en\/bridas-cylinder-seals\/\" \/>\n<meta property=\"og:locale\" content=\"en_GB\" \/>\n<meta property=\"og:type\" content=\"article\" \/>\n<meta property=\"og:title\" content=\"Precintos cil\u00edndricos - Precintalia\" \/>\n<meta property=\"og:description\" content=\"Precintos cil\u00edndricos personalizados para m\u00e1xima seguridad. Uso en contadores, log\u00edstica y precintos de garant\u00eda inviolables.\" \/>\n<meta property=\"og:url\" content=\"https:\/\/precintalia.com\/en\/bridas-cylinder-seals\/\" \/>\n<meta property=\"og:site_name\" content=\"Precintalia\" \/>\n<meta property=\"article:modified_time\" content=\"2025-11-29T17:33:13+00:00\" \/>\n<meta property=\"og:image\" content=\"https:\/\/precintalia.com\/wp-content\/uploads\/2025\/06\/kategorie-plomby-bebenkowe-2048x1392-1-e1717079832772.webp\" \/>\n\t<meta property=\"og:image:width\" content=\"800\" \/>\n\t<meta property=\"og:image:height\" content=\"544\" \/>\n\t<meta property=\"og:image:type\" content=\"image\/webp\" \/>\n<meta name=\"twitter:card\" content=\"summary_large_image\" \/>\n<meta name=\"twitter:label1\" content=\"Estimated reading time\" \/>\n\t<meta name=\"twitter:data1\" content=\"2 minutes\" \/>\n<script type=\"application\/ld+json\" class=\"yoast-schema-graph\">{\"@context\":\"https:\/\/schema.org\",\"@graph\":[{\"@type\":\"WebPage\",\"@id\":\"https:\/\/precintalia.com\/bridas-cylinder-seals\/\",\"url\":\"https:\/\/precintalia.com\/bridas-cylinder-seals\/\",\"name\":\"Precintos cil\u00edndricos - Precintalia\",\"isPartOf\":{\"@id\":\"https:\/\/precintalia.com\/#website\"},\"primaryImageOfPage\":{\"@id\":\"https:\/\/precintalia.com\/bridas-cylinder-seals\/#primaryimage\"},\"image\":{\"@id\":\"https:\/\/precintalia.com\/bridas-cylinder-seals\/#primaryimage\"},\"thumbnailUrl\":\"https:\/\/precintalia.com\/wp-content\/uploads\/2025\/06\/kategorie-plomby-bebenkowe-2048x1392-1-e1717079832772.webp\",\"datePublished\":\"2025-06-14T14:33:48+00:00\",\"dateModified\":\"2025-11-29T17:33:13+00:00\",\"description\":\"Precintos cil\u00edndricos personalizados para m\u00e1xima seguridad. Uso en contadores, log\u00edstica y precintos de garant\u00eda inviolables.\",\"breadcrumb\":{\"@id\":\"https:\/\/precintalia.com\/bridas-cylinder-seals\/#breadcrumb\"},\"inLanguage\":\"en-GB\",\"potentialAction\":[{\"@type\":\"ReadAction\",\"target\":[\"https:\/\/precintalia.com\/bridas-cylinder-seals\/\"]}]},{\"@type\":\"ImageObject\",\"inLanguage\":\"en-GB\",\"@id\":\"https:\/\/precintalia.com\/bridas-cylinder-seals\/#primaryimage\",\"url\":\"https:\/\/precintalia.com\/wp-content\/uploads\/2025\/06\/kategorie-plomby-bebenkowe-2048x1392-1-e1717079832772.webp\",\"contentUrl\":\"https:\/\/precintalia.com\/wp-content\/uploads\/2025\/06\/kategorie-plomby-bebenkowe-2048x1392-1-e1717079832772.webp\",\"width\":800,\"height\":544,\"caption\":\"Precintos cil\u00edndricos\"},{\"@type\":\"BreadcrumbList\",\"@id\":\"https:\/\/precintalia.com\/bridas-cylinder-seals\/#breadcrumb\",\"itemListElement\":[{\"@type\":\"ListItem\",\"position\":1,\"name\":\"Portada\",\"item\":\"https:\/\/precintalia.com\/\"},{\"@type\":\"ListItem\",\"position\":2,\"name\":\"Precintos cil\u00edndricos\"}]},{\"@type\":\"WebSite\",\"@id\":\"https:\/\/precintalia.com\/#website\",\"url\":\"https:\/\/precintalia.com\/\",\"name\":\"Precintalia\",\"description\":\"Precintos de seguridad\",\"publisher\":{\"@id\":\"https:\/\/precintalia.com\/#organization\"},\"potentialAction\":[{\"@type\":\"SearchAction\",\"target\":{\"@type\":\"EntryPoint\",\"urlTemplate\":\"https:\/\/precintalia.com\/?s={search_term_string}\"},\"query-input\":{\"@type\":\"PropertyValueSpecification\",\"valueRequired\":true,\"valueName\":\"search_term_string\"}}],\"inLanguage\":\"en-GB\"},{\"@type\":\"Organization\",\"@id\":\"https:\/\/precintalia.com\/#organization\",\"name\":\"Precintalia\",\"url\":\"https:\/\/precintalia.com\/\",\"logo\":{\"@type\":\"ImageObject\",\"inLanguage\":\"en-GB\",\"@id\":\"https:\/\/precintalia.com\/#\/schema\/logo\/image\/\",\"url\":\"https:\/\/precintalia.com\/wp-content\/uploads\/2025\/03\/Logo-Precintalia-azul-PNG.png\",\"contentUrl\":\"https:\/\/precintalia.com\/wp-content\/uploads\/2025\/03\/Logo-Precintalia-azul-PNG.png\",\"width\":500,\"height\":229,\"caption\":\"Precintalia\"},\"image\":{\"@id\":\"https:\/\/precintalia.com\/#\/schema\/logo\/image\/\"}}]}<\/script>\n<!-- \/ Yoast SEO plugin. -->","yoast_head_json":{"title":"Precintos cil\u00edndricos - Precintalia","description":"Precintos cil\u00edndricos personalizados para m\u00e1xima seguridad. Uso en contadores, log\u00edstica y precintos de garant\u00eda inviolables.","robots":{"index":"index","follow":"follow","max-snippet":"max-snippet:-1","max-image-preview":"max-image-preview:large","max-video-preview":"max-video-preview:-1"},"canonical":"https:\/\/precintalia.com\/en\/bridas-cylinder-seals\/","og_locale":"en_GB","og_type":"article","og_title":"Precintos cil\u00edndricos - Precintalia","og_description":"Precintos cil\u00edndricos personalizados para m\u00e1xima seguridad. Uso en contadores, log\u00edstica y precintos de garant\u00eda inviolables.","og_url":"https:\/\/precintalia.com\/en\/bridas-cylinder-seals\/","og_site_name":"Precintalia","article_modified_time":"2025-11-29T17:33:13+00:00","og_image":[{"width":800,"height":544,"url":"https:\/\/precintalia.com\/wp-content\/uploads\/2025\/06\/kategorie-plomby-bebenkowe-2048x1392-1-e1717079832772.webp","type":"image\/webp"}],"twitter_card":"summary_large_image","twitter_misc":{"Estimated reading time":"2 minutes"},"schema":{"@context":"https:\/\/schema.org","@graph":[{"@type":"WebPage","@id":"https:\/\/precintalia.com\/bridas-cylinder-seals\/","url":"https:\/\/precintalia.com\/bridas-cylinder-seals\/","name":"Precintos cil\u00edndricos - Precintalia","isPartOf":{"@id":"https:\/\/precintalia.com\/#website"},"primaryImageOfPage":{"@id":"https:\/\/precintalia.com\/bridas-cylinder-seals\/#primaryimage"},"image":{"@id":"https:\/\/precintalia.com\/bridas-cylinder-seals\/#primaryimage"},"thumbnailUrl":"https:\/\/precintalia.com\/wp-content\/uploads\/2025\/06\/kategorie-plomby-bebenkowe-2048x1392-1-e1717079832772.webp","datePublished":"2025-06-14T14:33:48+00:00","dateModified":"2025-11-29T17:33:13+00:00","description":"Precintos cil\u00edndricos personalizados para m\u00e1xima seguridad. Uso en contadores, log\u00edstica y precintos de garant\u00eda inviolables.","breadcrumb":{"@id":"https:\/\/precintalia.com\/bridas-cylinder-seals\/#breadcrumb"},"inLanguage":"en-GB","potentialAction":[{"@type":"ReadAction","target":["https:\/\/precintalia.com\/bridas-cylinder-seals\/"]}]},{"@type":"ImageObject","inLanguage":"en-GB","@id":"https:\/\/precintalia.com\/bridas-cylinder-seals\/#primaryimage","url":"https:\/\/precintalia.com\/wp-content\/uploads\/2025\/06\/kategorie-plomby-bebenkowe-2048x1392-1-e1717079832772.webp","contentUrl":"https:\/\/precintalia.com\/wp-content\/uploads\/2025\/06\/kategorie-plomby-bebenkowe-2048x1392-1-e1717079832772.webp","width":800,"height":544,"caption":"Precintos cil\u00edndricos"},{"@type":"BreadcrumbList","@id":"https:\/\/precintalia.com\/bridas-cylinder-seals\/#breadcrumb","itemListElement":[{"@type":"ListItem","position":1,"name":"Portada","item":"https:\/\/precintalia.com\/"},{"@type":"ListItem","position":2,"name":"Precintos cil\u00edndricos"}]},{"@type":"WebSite","@id":"https:\/\/precintalia.com\/#website","url":"https:\/\/precintalia.com\/","name":"Precintalia","description":"Security seals","publisher":{"@id":"https:\/\/precintalia.com\/#organization"},"potentialAction":[{"@type":"SearchAction","target":{"@type":"EntryPoint","urlTemplate":"https:\/\/precintalia.com\/?s={search_term_string}"},"query-input":{"@type":"PropertyValueSpecification","valueRequired":true,"valueName":"search_term_string"}}],"inLanguage":"en-GB"},{"@type":"Organization","@id":"https:\/\/precintalia.com\/#organization","name":"Precintalia","url":"https:\/\/precintalia.com\/","logo":{"@type":"ImageObject","inLanguage":"en-GB","@id":"https:\/\/precintalia.com\/#\/schema\/logo\/image\/","url":"https:\/\/precintalia.com\/wp-content\/uploads\/2025\/03\/Logo-Precintalia-azul-PNG.png","contentUrl":"https:\/\/precintalia.com\/wp-content\/uploads\/2025\/03\/Logo-Precintalia-azul-PNG.png","width":500,"height":229,"caption":"Precintalia"},"image":{"@id":"https:\/\/precintalia.com\/#\/schema\/logo\/image\/"}}]}},"_links":{"self":[{"href":"https:\/\/precintalia.com\/en\/wp-json\/wp\/v2\/pages\/1419","targetHints":{"allow":["GET"]}}],"collection":[{"href":"https:\/\/precintalia.com\/en\/wp-json\/wp\/v2\/pages"}],"about":[{"href":"https:\/\/precintalia.com\/en\/wp-json\/wp\/v2\/types\/page"}],"author":[{"embeddable":true,"href":"https:\/\/precintalia.com\/en\/wp-json\/wp\/v2\/users\/1"}],"replies":[{"embeddable":true,"href":"https:\/\/precintalia.com\/en\/wp-json\/wp\/v2\/comments?post=1419"}],"version-history":[{"count":0,"href":"https:\/\/precintalia.com\/en\/wp-json\/wp\/v2\/pages\/1419\/revisions"}],"wp:featuredmedia":[{"embeddable":true,"href":"https:\/\/precintalia.com\/en\/wp-json\/wp\/v2\/media\/1420"}],"wp:attachment":[{"href":"https:\/\/precintalia.com\/en\/wp-json\/wp\/v2\/media?parent=1419"}],"curies":[{"name":"wp","href":"https:\/\/api.w.org\/{rel}","templated":true}]}}