{"id":1364,"date":"2025-06-14T14:55:59","date_gmt":"2025-06-14T12:55:59","guid":{"rendered":"http:\/\/precintalia.com\/?page_id=1364"},"modified":"2025-11-30T08:59:42","modified_gmt":"2025-11-30T07:59:42","slug":"bridas-plastic-seals","status":"publish","type":"page","link":"https:\/\/precintalia.com\/en\/bridas-plastic-seals\/","title":{"rendered":"Precintos de pl\u00e1stico"},"content":{"rendered":"<div data-elementor-type=\"wp-page\" data-elementor-id=\"1364\" class=\"elementor elementor-1364\" data-elementor-post-type=\"page\">\n\t\t\t\t<div class=\"elementor-element elementor-element-1080384 e-flex e-con-boxed e-con e-parent\" data-id=\"1080384\" data-element_type=\"container\" data-settings=\"{&quot;background_background&quot;:&quot;classic&quot;}\">\n\t\t\t\t\t<div class=\"e-con-inner\">\n\t\t<div class=\"elementor-element elementor-element-0f1049e e-con-full e-flex e-con e-child\" data-id=\"0f1049e\" data-element_type=\"container\">\n\t\t\t\t<div class=\"elementor-element elementor-element-9aca590 elementor-widget elementor-widget-heading\" data-id=\"9aca590\" data-element_type=\"widget\" data-widget_type=\"heading.default\">\n\t\t\t\t<div class=\"elementor-widget-container\">\n\t\t\t\t\t<h1 class=\"elementor-heading-title elementor-size-default\">Precintos de pl\u00e1stico<\/h1>\t\t\t\t<\/div>\n\t\t\t\t<\/div>\n\t\t\t\t<\/div>\n\t\t\t\t\t<\/div>\n\t\t\t\t<\/div>\n\t\t<div class=\"elementor-element elementor-element-7a10807 e-con-full e-flex e-con e-parent\" data-id=\"7a10807\" data-element_type=\"container\">\n\t\t<div class=\"elementor-element elementor-element-f6e07cd e-con-full e-flex e-con e-child\" data-id=\"f6e07cd\" data-element_type=\"container\">\n\t\t\t\t<div class=\"elementor-element elementor-element-699c20b elementor-position-top elementor-widget elementor-widget-image-box\" data-id=\"699c20b\" data-element_type=\"widget\" data-widget_type=\"image-box.default\">\n\t\t\t\t<div class=\"elementor-widget-container\">\n\t\t\t\t\t<div class=\"elementor-image-box-wrapper\"><figure class=\"elementor-image-box-img\"><a href=\"https:\/\/precintalia.com\/en\/sibo-pastil-10-seal\/\" tabindex=\"-1\"><img fetchpriority=\"high\" decoding=\"async\" width=\"750\" height=\"501\" src=\"https:\/\/precintalia.com\/wp-content\/uploads\/2025\/11\/plastic10sils.webp\" class=\"elementor-animation-grow attachment-full size-full wp-image-3753\" alt=\"\" srcset=\"https:\/\/precintalia.com\/wp-content\/uploads\/2025\/11\/plastic10sils.webp 750w, https:\/\/precintalia.com\/wp-content\/uploads\/2025\/11\/plastic10sils-300x200.webp 300w, https:\/\/precintalia.com\/wp-content\/uploads\/2025\/11\/plastic10sils-18x12.webp 18w\" sizes=\"(max-width: 750px) 100vw, 750px\" \/><\/a><\/figure><div class=\"elementor-image-box-content\"><h3 class=\"elementor-image-box-title\"><a href=\"https:\/\/precintalia.com\/en\/sibo-pastil-10-seal\/\">Precinto<br> SIBO-PASTIL <\/a><\/h3><p class=\"elementor-image-box-description\">\u2714 Tiempo de entrega: 7-14 d\u00edas<br>\u2714 Pedido m\u00ednimo: 500 uds<\/p><\/div><\/div>\t\t\t\t<\/div>\n\t\t\t\t<\/div>\n\t\t\t\t<\/div>\n\t\t<div class=\"elementor-element elementor-element-f5cd94f e-con-full e-flex e-con e-child\" data-id=\"f5cd94f\" data-element_type=\"container\">\n\t\t\t\t<div class=\"elementor-element elementor-element-c2a0396 elementor-position-top elementor-widget elementor-widget-image-box\" data-id=\"c2a0396\" data-element_type=\"widget\" data-widget_type=\"image-box.default\">\n\t\t\t\t<div class=\"elementor-widget-container\">\n\t\t\t\t\t<div class=\"elementor-image-box-wrapper\"><figure class=\"elementor-image-box-img\"><a href=\"https:\/\/precintalia.com\/en\/sibo-bag-seal\/\" tabindex=\"-1\"><img decoding=\"async\" width=\"750\" height=\"501\" data-src=\"https:\/\/precintalia.com\/wp-content\/uploads\/2025\/06\/sibi_big.webp\" class=\"elementor-animation-grow attachment-full size-full wp-image-1371 lazyload\" alt=\"Precinto SIBO-BAG seguridad\" data-srcset=\"https:\/\/precintalia.com\/wp-content\/uploads\/2025\/06\/sibi_big.webp 750w, https:\/\/precintalia.com\/wp-content\/uploads\/2025\/06\/sibi_big-300x200.webp 300w\" data-sizes=\"(max-width: 750px) 100vw, 750px\" src=\"data:image\/svg+xml;base64,PHN2ZyB3aWR0aD0iMSIgaGVpZ2h0PSIxIiB4bWxucz0iaHR0cDovL3d3dy53My5vcmcvMjAwMC9zdmciPjwvc3ZnPg==\" style=\"--smush-placeholder-width: 750px; --smush-placeholder-aspect-ratio: 750\/501;\" \/><\/a><\/figure><div class=\"elementor-image-box-content\"><h3 class=\"elementor-image-box-title\"><a href=\"https:\/\/precintalia.com\/en\/sibo-bag-seal\/\">Precinto<br> SIBO-BAG\n<\/a><\/h3><p class=\"elementor-image-box-description\">\u2714 Tiempo de entrega: 7-14 d\u00edas<br>\u2714 Pedido m\u00ednimo: 500 uds<\/p><\/div><\/div>\t\t\t\t<\/div>\n\t\t\t\t<\/div>\n\t\t\t\t<\/div>\n\t\t<div class=\"elementor-element elementor-element-e3fafa3 e-con-full e-flex e-con e-child\" data-id=\"e3fafa3\" data-element_type=\"container\">\n\t\t\t\t<div class=\"elementor-element elementor-element-d10e303 elementor-position-top elementor-widget elementor-widget-image-box\" data-id=\"d10e303\" data-element_type=\"widget\" data-widget_type=\"image-box.default\">\n\t\t\t\t<div class=\"elementor-widget-container\">\n\t\t\t\t\t<div class=\"elementor-image-box-wrapper\"><figure class=\"elementor-image-box-img\"><a href=\"https:\/\/precintalia.com\/en\/sibo-l-wire-seal\/\" tabindex=\"-1\"><img decoding=\"async\" width=\"1024\" height=\"681\" data-src=\"https:\/\/precintalia.com\/wp-content\/uploads\/2025\/06\/16_00-1-1024x681-1.webp\" class=\"elementor-animation-grow attachment-full size-full wp-image-1373 lazyload\" alt=\"Precinto SIBO-L seguridad\" data-srcset=\"https:\/\/precintalia.com\/wp-content\/uploads\/2025\/06\/16_00-1-1024x681-1.webp 1024w, https:\/\/precintalia.com\/wp-content\/uploads\/2025\/06\/16_00-1-1024x681-1-300x200.webp 300w, https:\/\/precintalia.com\/wp-content\/uploads\/2025\/06\/16_00-1-1024x681-1-768x511.webp 768w\" data-sizes=\"(max-width: 1024px) 100vw, 1024px\" src=\"data:image\/svg+xml;base64,PHN2ZyB3aWR0aD0iMSIgaGVpZ2h0PSIxIiB4bWxucz0iaHR0cDovL3d3dy53My5vcmcvMjAwMC9zdmciPjwvc3ZnPg==\" style=\"--smush-placeholder-width: 1024px; --smush-placeholder-aspect-ratio: 1024\/681;\" \/><\/a><\/figure><div class=\"elementor-image-box-content\"><h3 class=\"elementor-image-box-title\"><a href=\"https:\/\/precintalia.com\/en\/sibo-l-wire-seal\/\">Precinto<br> SIBO-L\n<\/a><\/h3><p class=\"elementor-image-box-description\">\u2714 Tiempo de entrega: 7-14 d\u00edas<br>\u2714 Pedido m\u00ednimo: 500 uds<\/p><\/div><\/div>\t\t\t\t<\/div>\n\t\t\t\t<\/div>\n\t\t\t\t<\/div>\n\t\t<div class=\"elementor-element elementor-element-b3208f3 e-con-full e-flex e-con e-child\" data-id=\"b3208f3\" data-element_type=\"container\">\n\t\t\t\t<div class=\"elementor-element elementor-element-71fd688 elementor-position-top elementor-widget elementor-widget-image-box\" data-id=\"71fd688\" data-element_type=\"widget\" data-widget_type=\"image-box.default\">\n\t\t\t\t<div class=\"elementor-widget-container\">\n\t\t\t\t\t<div class=\"elementor-image-box-wrapper\"><figure class=\"elementor-image-box-img\"><a href=\"https:\/\/precintalia.com\/en\/sibo-wire-seal\/\" tabindex=\"-1\"><img decoding=\"async\" width=\"750\" height=\"501\" data-src=\"https:\/\/precintalia.com\/wp-content\/uploads\/2025\/06\/plomba-sibo-750px.webp\" class=\"elementor-animation-grow attachment-full size-full wp-image-1374 lazyload\" alt=\"Precinto SIBO seguridad al por mayor\" data-srcset=\"https:\/\/precintalia.com\/wp-content\/uploads\/2025\/06\/plomba-sibo-750px.webp 750w, https:\/\/precintalia.com\/wp-content\/uploads\/2025\/06\/plomba-sibo-750px-300x200.webp 300w\" data-sizes=\"(max-width: 750px) 100vw, 750px\" src=\"data:image\/svg+xml;base64,PHN2ZyB3aWR0aD0iMSIgaGVpZ2h0PSIxIiB4bWxucz0iaHR0cDovL3d3dy53My5vcmcvMjAwMC9zdmciPjwvc3ZnPg==\" style=\"--smush-placeholder-width: 750px; --smush-placeholder-aspect-ratio: 750\/501;\" \/><\/a><\/figure><div class=\"elementor-image-box-content\"><h3 class=\"elementor-image-box-title\"><a href=\"https:\/\/precintalia.com\/en\/sibo-wire-seal\/\">Precinto<br> SIBO<\/a><\/h3><p class=\"elementor-image-box-description\">\u2714 Tiempo de entrega: 7-14 d\u00edas<br>\u2714 Pedido m\u00ednimo: 500 uds<\/p><\/div><\/div>\t\t\t\t<\/div>\n\t\t\t\t<\/div>\n\t\t\t\t<\/div>\n\t\t\t\t<\/div>\n\t\t\t\t<\/div>","protected":false},"excerpt":{"rendered":"<p>Precintos de pl\u00e1stico Precinto SIBO-PASTIL \u2714 Tiempo de entrega: 7-14 d\u00edas\u2714 Pedido m\u00ednimo: 500 uds Precinto SIBO-BAG \u2714 Tiempo de entrega: 7-14 d\u00edas\u2714 Pedido m\u00ednimo: 500 uds Precinto SIBO-L \u2714 Tiempo de entrega: 7-14 d\u00edas\u2714 Pedido m\u00ednimo: 500 uds Precinto SIBO \u2714 Tiempo de entrega: 7-14 d\u00edas\u2714 Pedido m\u00ednimo: 500 uds<\/p>","protected":false},"author":1,"featured_media":677,"parent":0,"menu_order":0,"comment_status":"closed","ping_status":"closed","template":"elementor_header_footer","meta":{"footnotes":""},"class_list":["post-1364","page","type-page","status-publish","has-post-thumbnail","hentry"],"yoast_head":"<!-- This site is optimized with the Yoast SEO plugin v26.5 - https:\/\/yoast.com\/wordpress\/plugins\/seo\/ -->\n<title>Precintos de pl\u00e1stico - Precintalia<\/title>\n<meta name=\"description\" content=\"Precintos de pl\u00e1stico personalizados para seguridad y control. Ideales para log\u00edstica, eventos y transporte. Alta resistencia y fiabilidad.\" \/>\n<meta name=\"robots\" content=\"index, follow, max-snippet:-1, max-image-preview:large, max-video-preview:-1\" \/>\n<link rel=\"canonical\" href=\"https:\/\/precintalia.com\/en\/bridas-plastic-seals\/\" \/>\n<meta property=\"og:locale\" content=\"en_GB\" \/>\n<meta property=\"og:type\" content=\"article\" \/>\n<meta property=\"og:title\" content=\"Precintos de pl\u00e1stico - Precintalia\" \/>\n<meta property=\"og:description\" content=\"Precintos de pl\u00e1stico personalizados para seguridad y control. Ideales para log\u00edstica, eventos y transporte. Alta resistencia y fiabilidad.\" \/>\n<meta property=\"og:url\" content=\"https:\/\/precintalia.com\/en\/bridas-plastic-seals\/\" \/>\n<meta property=\"og:site_name\" content=\"Precintalia\" \/>\n<meta property=\"article:modified_time\" content=\"2025-11-30T07:59:42+00:00\" \/>\n<meta property=\"og:image\" content=\"https:\/\/precintalia.com\/wp-content\/uploads\/2025\/05\/kategorie-plomby-plastikowe-2048x1392-1-e1717075030503.webp\" \/>\n\t<meta property=\"og:image:width\" content=\"800\" \/>\n\t<meta property=\"og:image:height\" content=\"544\" \/>\n\t<meta property=\"og:image:type\" content=\"image\/webp\" \/>\n<meta name=\"twitter:card\" content=\"summary_large_image\" \/>\n<meta name=\"twitter:label1\" content=\"Estimated reading time\" \/>\n\t<meta name=\"twitter:data1\" content=\"2 minutes\" \/>\n<script type=\"application\/ld+json\" class=\"yoast-schema-graph\">{\"@context\":\"https:\/\/schema.org\",\"@graph\":[{\"@type\":\"WebPage\",\"@id\":\"https:\/\/precintalia.com\/bridas-plastic-seals\/\",\"url\":\"https:\/\/precintalia.com\/bridas-plastic-seals\/\",\"name\":\"Precintos de pl\u00e1stico - Precintalia\",\"isPartOf\":{\"@id\":\"https:\/\/precintalia.com\/#website\"},\"primaryImageOfPage\":{\"@id\":\"https:\/\/precintalia.com\/bridas-plastic-seals\/#primaryimage\"},\"image\":{\"@id\":\"https:\/\/precintalia.com\/bridas-plastic-seals\/#primaryimage\"},\"thumbnailUrl\":\"https:\/\/precintalia.com\/wp-content\/uploads\/2025\/05\/kategorie-plomby-plastikowe-2048x1392-1-e1717075030503.webp\",\"datePublished\":\"2025-06-14T12:55:59+00:00\",\"dateModified\":\"2025-11-30T07:59:42+00:00\",\"description\":\"Precintos de pl\u00e1stico personalizados para seguridad y control. Ideales para log\u00edstica, eventos y transporte. Alta resistencia y fiabilidad.\",\"breadcrumb\":{\"@id\":\"https:\/\/precintalia.com\/bridas-plastic-seals\/#breadcrumb\"},\"inLanguage\":\"en-GB\",\"potentialAction\":[{\"@type\":\"ReadAction\",\"target\":[\"https:\/\/precintalia.com\/bridas-plastic-seals\/\"]}]},{\"@type\":\"ImageObject\",\"inLanguage\":\"en-GB\",\"@id\":\"https:\/\/precintalia.com\/bridas-plastic-seals\/#primaryimage\",\"url\":\"https:\/\/precintalia.com\/wp-content\/uploads\/2025\/05\/kategorie-plomby-plastikowe-2048x1392-1-e1717075030503.webp\",\"contentUrl\":\"https:\/\/precintalia.com\/wp-content\/uploads\/2025\/05\/kategorie-plomby-plastikowe-2048x1392-1-e1717075030503.webp\",\"width\":800,\"height\":544,\"caption\":\"Precintos de pl\u00e1stico al por mayor\"},{\"@type\":\"BreadcrumbList\",\"@id\":\"https:\/\/precintalia.com\/bridas-plastic-seals\/#breadcrumb\",\"itemListElement\":[{\"@type\":\"ListItem\",\"position\":1,\"name\":\"Portada\",\"item\":\"https:\/\/precintalia.com\/\"},{\"@type\":\"ListItem\",\"position\":2,\"name\":\"Precintos de pl\u00e1stico\"}]},{\"@type\":\"WebSite\",\"@id\":\"https:\/\/precintalia.com\/#website\",\"url\":\"https:\/\/precintalia.com\/\",\"name\":\"Precintalia\",\"description\":\"Precintos de seguridad\",\"publisher\":{\"@id\":\"https:\/\/precintalia.com\/#organization\"},\"potentialAction\":[{\"@type\":\"SearchAction\",\"target\":{\"@type\":\"EntryPoint\",\"urlTemplate\":\"https:\/\/precintalia.com\/?s={search_term_string}\"},\"query-input\":{\"@type\":\"PropertyValueSpecification\",\"valueRequired\":true,\"valueName\":\"search_term_string\"}}],\"inLanguage\":\"en-GB\"},{\"@type\":\"Organization\",\"@id\":\"https:\/\/precintalia.com\/#organization\",\"name\":\"Precintalia\",\"url\":\"https:\/\/precintalia.com\/\",\"logo\":{\"@type\":\"ImageObject\",\"inLanguage\":\"en-GB\",\"@id\":\"https:\/\/precintalia.com\/#\/schema\/logo\/image\/\",\"url\":\"https:\/\/precintalia.com\/wp-content\/uploads\/2025\/03\/Logo-Precintalia-azul-PNG.png\",\"contentUrl\":\"https:\/\/precintalia.com\/wp-content\/uploads\/2025\/03\/Logo-Precintalia-azul-PNG.png\",\"width\":500,\"height\":229,\"caption\":\"Precintalia\"},\"image\":{\"@id\":\"https:\/\/precintalia.com\/#\/schema\/logo\/image\/\"}}]}<\/script>\n<!-- \/ Yoast SEO plugin. -->","yoast_head_json":{"title":"Precintos de pl\u00e1stico - Precintalia","description":"Precintos de pl\u00e1stico personalizados para seguridad y control. Ideales para log\u00edstica, eventos y transporte. Alta resistencia y fiabilidad.","robots":{"index":"index","follow":"follow","max-snippet":"max-snippet:-1","max-image-preview":"max-image-preview:large","max-video-preview":"max-video-preview:-1"},"canonical":"https:\/\/precintalia.com\/en\/bridas-plastic-seals\/","og_locale":"en_GB","og_type":"article","og_title":"Precintos de pl\u00e1stico - Precintalia","og_description":"Precintos de pl\u00e1stico personalizados para seguridad y control. Ideales para log\u00edstica, eventos y transporte. Alta resistencia y fiabilidad.","og_url":"https:\/\/precintalia.com\/en\/bridas-plastic-seals\/","og_site_name":"Precintalia","article_modified_time":"2025-11-30T07:59:42+00:00","og_image":[{"width":800,"height":544,"url":"https:\/\/precintalia.com\/wp-content\/uploads\/2025\/05\/kategorie-plomby-plastikowe-2048x1392-1-e1717075030503.webp","type":"image\/webp"}],"twitter_card":"summary_large_image","twitter_misc":{"Estimated reading time":"2 minutes"},"schema":{"@context":"https:\/\/schema.org","@graph":[{"@type":"WebPage","@id":"https:\/\/precintalia.com\/bridas-plastic-seals\/","url":"https:\/\/precintalia.com\/bridas-plastic-seals\/","name":"Precintos de pl\u00e1stico - Precintalia","isPartOf":{"@id":"https:\/\/precintalia.com\/#website"},"primaryImageOfPage":{"@id":"https:\/\/precintalia.com\/bridas-plastic-seals\/#primaryimage"},"image":{"@id":"https:\/\/precintalia.com\/bridas-plastic-seals\/#primaryimage"},"thumbnailUrl":"https:\/\/precintalia.com\/wp-content\/uploads\/2025\/05\/kategorie-plomby-plastikowe-2048x1392-1-e1717075030503.webp","datePublished":"2025-06-14T12:55:59+00:00","dateModified":"2025-11-30T07:59:42+00:00","description":"Precintos de pl\u00e1stico personalizados para seguridad y control. Ideales para log\u00edstica, eventos y transporte. Alta resistencia y fiabilidad.","breadcrumb":{"@id":"https:\/\/precintalia.com\/bridas-plastic-seals\/#breadcrumb"},"inLanguage":"en-GB","potentialAction":[{"@type":"ReadAction","target":["https:\/\/precintalia.com\/bridas-plastic-seals\/"]}]},{"@type":"ImageObject","inLanguage":"en-GB","@id":"https:\/\/precintalia.com\/bridas-plastic-seals\/#primaryimage","url":"https:\/\/precintalia.com\/wp-content\/uploads\/2025\/05\/kategorie-plomby-plastikowe-2048x1392-1-e1717075030503.webp","contentUrl":"https:\/\/precintalia.com\/wp-content\/uploads\/2025\/05\/kategorie-plomby-plastikowe-2048x1392-1-e1717075030503.webp","width":800,"height":544,"caption":"Precintos de pl\u00e1stico al por mayor"},{"@type":"BreadcrumbList","@id":"https:\/\/precintalia.com\/bridas-plastic-seals\/#breadcrumb","itemListElement":[{"@type":"ListItem","position":1,"name":"Portada","item":"https:\/\/precintalia.com\/"},{"@type":"ListItem","position":2,"name":"Precintos de pl\u00e1stico"}]},{"@type":"WebSite","@id":"https:\/\/precintalia.com\/#website","url":"https:\/\/precintalia.com\/","name":"Precintalia","description":"Security seals","publisher":{"@id":"https:\/\/precintalia.com\/#organization"},"potentialAction":[{"@type":"SearchAction","target":{"@type":"EntryPoint","urlTemplate":"https:\/\/precintalia.com\/?s={search_term_string}"},"query-input":{"@type":"PropertyValueSpecification","valueRequired":true,"valueName":"search_term_string"}}],"inLanguage":"en-GB"},{"@type":"Organization","@id":"https:\/\/precintalia.com\/#organization","name":"Precintalia","url":"https:\/\/precintalia.com\/","logo":{"@type":"ImageObject","inLanguage":"en-GB","@id":"https:\/\/precintalia.com\/#\/schema\/logo\/image\/","url":"https:\/\/precintalia.com\/wp-content\/uploads\/2025\/03\/Logo-Precintalia-azul-PNG.png","contentUrl":"https:\/\/precintalia.com\/wp-content\/uploads\/2025\/03\/Logo-Precintalia-azul-PNG.png","width":500,"height":229,"caption":"Precintalia"},"image":{"@id":"https:\/\/precintalia.com\/#\/schema\/logo\/image\/"}}]}},"_links":{"self":[{"href":"https:\/\/precintalia.com\/en\/wp-json\/wp\/v2\/pages\/1364","targetHints":{"allow":["GET"]}}],"collection":[{"href":"https:\/\/precintalia.com\/en\/wp-json\/wp\/v2\/pages"}],"about":[{"href":"https:\/\/precintalia.com\/en\/wp-json\/wp\/v2\/types\/page"}],"author":[{"embeddable":true,"href":"https:\/\/precintalia.com\/en\/wp-json\/wp\/v2\/users\/1"}],"replies":[{"embeddable":true,"href":"https:\/\/precintalia.com\/en\/wp-json\/wp\/v2\/comments?post=1364"}],"version-history":[{"count":0,"href":"https:\/\/precintalia.com\/en\/wp-json\/wp\/v2\/pages\/1364\/revisions"}],"wp:featuredmedia":[{"embeddable":true,"href":"https:\/\/precintalia.com\/en\/wp-json\/wp\/v2\/media\/677"}],"wp:attachment":[{"href":"https:\/\/precintalia.com\/en\/wp-json\/wp\/v2\/media?parent=1364"}],"curies":[{"name":"wp","href":"https:\/\/api.w.org\/{rel}","templated":true}]}}